{"id":5469,"date":"2025-11-01T12:51:51","date_gmt":"2025-11-01T11:51:51","guid":{"rendered":"https:\/\/manidiforbici.it\/salone-pesaro\/?page_id=5469"},"modified":"2025-11-01T13:06:07","modified_gmt":"2025-11-01T12:06:07","slug":"orari","status":"publish","type":"page","link":"https:\/\/manidiforbici.it\/salone-pesaro\/orari\/","title":{"rendered":"Orari"},"content":{"rendered":"<p>\ud83d\udd58 <b>Orari di apertura<\/b><\/p>\n<p>Siamo felici di comunicarti che facciamo <b>orario continuato<\/b> dalle <b>9:00 alle 21:00<\/b>, tutti i giorni! \u2705<br \/>\nS\u00ec, proprio cos\u00ec: siamo <b>aperti dal luned\u00ec alla domenica<\/b>, compresi <b>festivi<\/b> e <b>luned\u00ec<\/b>. Nessuna interruzione, nessun giorno di chiusura (a parte il 25 dicembre \ud83c\udf84).<\/p>\n<p>Puoi venirci a trovare quando vuoi tra le <b>9 e le 21<\/b>, per tutta la settimana. \ud83d\udcaa<\/p>\n<p>&#8212;<\/p>\n<p>\ud83d\udcc5 <b>Orari speciali<\/b><\/p>\n<p>In occasione delle festivit\u00e0, ecco qualche giorno con orari diversi:<\/p>\n<table style=\"width:100%;max-width:600px;border-collapse:collapse;margin-top:10px;\">\n<tr>\n<th style=\"text-align:left;padding:6px;border-bottom:1px solid #ccc;\">Data<\/th>\n<th style=\"text-align:left;padding:6px;border-bottom:1px solid #ccc;\">Orario<\/th>\n<th style=\"text-align:center;padding:6px;border-bottom:1px solid #ccc;\"><\/th>\n<\/tr>\n<tr>\n<td>Sabato 1\u00b0 Novembre<\/td>\n<td>9:00 &#8211; 21:00<\/td>\n<td style=\"text-align:center;\">\u2705<\/td>\n<\/tr>\n<tr>\n<td>Luned\u00ec 8 Dicembre<\/td>\n<td>9:00 &#8211; 21:00<\/td>\n<td style=\"text-align:center;\">\u2705<\/td>\n<\/tr>\n<tr>\n<td>Mercoled\u00ec 24 Dicembre<\/td>\n<td>8:30 &#8211; 20:00<\/td>\n<td style=\"text-align:center;\">\u2705<\/td>\n<\/tr>\n<tr>\n<td>Gioved\u00ec 25 Dicembre<\/td>\n<td>Chiuso<\/td>\n<td style=\"text-align:center;\">\u274c<\/td>\n<\/tr>\n<tr>\n<td>Venerd\u00ec 26 Dicembre<\/td>\n<td>9:00 &#8211; 21:00<\/td>\n<td style=\"text-align:center;\">\u2705<\/td>\n<\/tr>\n<tr>\n<td>Mercoled\u00ec 31 Dicembre<\/td>\n<td>8:30 &#8211; 19:00<\/td>\n<td style=\"text-align:center;\">\u2705<\/td>\n<\/tr>\n<\/table>\n<p>&#8212;<\/p>\n<p>Ti aspettiamo con il nostro solito sorriso \ud83d\ude04 e la comodit\u00e0 di un orario ampio, pensato per venirti incontro in ogni momento della giornata!<\/p>\n","protected":false},"excerpt":{"rendered":"<p>\ud83d\udd58 Orari di apertura Siamo felici di comunicarti che facciamo orario continuato dalle 9:00 alle 21:00, tutti i giorni! \u2705 S\u00ec, proprio cos\u00ec: siamo aperti dal luned\u00ec alla domenica, compresi festivi e luned\u00ec. Nessuna interruzione, nessun giorno di chiusura (a parte il 25 dicembre \ud83c\udf84). Puoi venirci a trovare quando vuoi tra le 9 e<\/p>\n","protected":false},"author":1,"featured_media":0,"parent":0,"menu_order":0,"comment_status":"closed","ping_status":"closed","template":"","meta":{"footnotes":""},"class_list":["post-5469","page","type-page","status-publish","hentry"],"aioseo_notices":[],"_links":{"self":[{"href":"https:\/\/manidiforbici.it\/salone-pesaro\/wp-json\/wp\/v2\/pages\/5469","targetHints":{"allow":["GET"]}}],"collection":[{"href":"https:\/\/manidiforbici.it\/salone-pesaro\/wp-json\/wp\/v2\/pages"}],"about":[{"href":"https:\/\/manidiforbici.it\/salone-pesaro\/wp-json\/wp\/v2\/types\/page"}],"author":[{"embeddable":true,"href":"https:\/\/manidiforbici.it\/salone-pesaro\/wp-json\/wp\/v2\/users\/1"}],"replies":[{"embeddable":true,"href":"https:\/\/manidiforbici.it\/salone-pesaro\/wp-json\/wp\/v2\/comments?post=5469"}],"version-history":[{"count":6,"href":"https:\/\/manidiforbici.it\/salone-pesaro\/wp-json\/wp\/v2\/pages\/5469\/revisions"}],"predecessor-version":[{"id":5477,"href":"https:\/\/manidiforbici.it\/salone-pesaro\/wp-json\/wp\/v2\/pages\/5469\/revisions\/5477"}],"wp:attachment":[{"href":"https:\/\/manidiforbici.it\/salone-pesaro\/wp-json\/wp\/v2\/media?parent=5469"}],"curies":[{"name":"wp","href":"https:\/\/api.w.org\/{rel}","templated":true}]}}