{"id":4904,"date":"2024-12-21T20:31:28","date_gmt":"2024-12-21T19:31:28","guid":{"rendered":"https:\/\/manidiforbici.it\/salone-pesaro\/product\/ghd-gold-blu-ghiaccio\/"},"modified":"2026-04-16T01:50:12","modified_gmt":"2026-04-16T00:50:12","slug":"ghd-gold-blu-ghiaccio","status":"publish","type":"product","link":"https:\/\/manidiforbici.it\/salone-pesaro\/product\/ghd-gold-blu-ghiaccio\/","title":{"rendered":"GHD GOLD\u00ae STYLER &#8211; PIASTRA PER CAPELLI BLU GHIACCIO"},"content":{"rendered":"<p>Scolpisci la tua fantasia natalizia con la piastra professionale\u00a0<strong>ghd gold\u00ae<\/strong>, elegantemente rivestita da una\u00a0<strong>sfumatura blu ghiaccio<\/strong>\u00a0e custodita in un raffinato\u00a0<strong>cofanetto ghd azzurro cristallo<\/strong>\u00b3. Regala(ti!) il meglio questo Natale e lasciati sciogliere dalla magia di Good Hair Days.<\/p>\n<p>Ti presentiamo la styler ghd gold<strong>\u00ae<\/strong>, la nostra piastra per capelli professionale avanzata che regala\u00a0<strong>capelli istantaneamente lisci<\/strong>, setosi e dall&#8217;aspetto pi\u00f9 sano. Dotata della<strong>\u00a0tecnologia Dual-zone\u2122<\/strong>\u00a0per mantenere costantemente la temperatura di styling ottimale di 185\u00b0C su entrambe le lamelle, assicura risultati lisci e setosi dalla radice alle punte senza eccessivo calore.<\/p>\n<p>I risultati luxury della piastra sono ottenuti grazie alle lamelle basculanti in ceramica con rivestimento ultra-gloss, che\u00a0<strong>eliminano l&#8217;effetto crespo<\/strong>\u00a0e donano\u00a0<strong>capelli brillanti<\/strong>\u00a0e dall&#8217;aspetto pi\u00f9 sano. Progettata per la versatilit\u00e0, questa piastra \u00e8 #non\u00e8solounapiastra; vanta un design elegante e arrotondato con bordi curvi, che ti permette di creare con facilit\u00e0 styling lisci, ricci e onde, il tutto scorrendo senza intoppi tra i capelli e con\u00a0<strong>meno rotture<\/strong>\u00b9.<\/p>\n<p>Per la tua tranquillit\u00e0, la piastra ghd gold<strong>\u00ae<\/strong>\u00a0include una\u00a0<strong>modalit\u00e0 sleep<\/strong>\u00a0che spegne automaticamente la styler se non viene utilizzata per 30 minuti, con\u00a0<strong>voltaggio universale<\/strong>, una\u00a0<strong>protezione per le lamelle<\/strong>\u00a0e un\u00a0<strong>cavo professionale lungo 2,7 metri<\/strong>. Il tutto \u00e8 supportato da una<strong>\u00a0garanzia di 26 mesi<\/strong>, garantendoti risultati lussuosi ogni giorno.<\/p>\n<p><app-ghd-product-details-tab role=\"tabpanel\" id=\"product-tab-body-details\" tabindex=\"1\" aria-labelledby=\"product-tab-head-details\" class=\"ng-star-inserted\"><\/p>\n<div class=\"product-details-wrap\">\n<div class=\"product-details-item ng-star-inserted\">\n<div class=\"product-details-thumb ng-star-inserted\"><app-ghd-picture><picture class=\"ng-star-inserted\"><source media=\"(min-width: 1024px)\" srcset=\"https:\/\/media.ghdhair.com\/images\/product\/676_Feature_Image_1_Global.jpg?v=1725370126689&amp;impolicy=ProductDetailsImage\"><img decoding=\"async\" loading=\"eager\" alt=\"\" src=\"https:\/\/media.ghdhair.com\/images\/product\/676_Feature_Image_1_Global.jpg?v=1725370126689&amp;impolicy=ProductDetailsImage\"><\/picture><!----><\/app-ghd-picture><\/div>\n<p><!----><\/p>\n<div class=\"product-details-info\">\n<h3>Cofanetto ghd gold edizione limitata blu ghiaccio<\/h3>\n<div class=\"rich-text\">\n<p>Scopri la nuova limited edition ghd iced luxe, ideale per il periodo natalizio; comprende i migliori tools ghd caratterizzati da un meraviglioso blu ghiaccio con dettagli metallizzati.<\/p>\n<\/div>\n<\/div>\n<\/div>\n<div class=\"product-details-item ng-star-inserted\">\n<div class=\"product-details-thumb ng-star-inserted\"><app-ghd-picture><picture class=\"ng-star-inserted\"><source media=\"(min-width: 1024px)\" srcset=\"https:\/\/media.ghdhair.com\/images\/product\/676_Feature_Image_2_Global.jpg?v=1725370237496&amp;impolicy=ProductDetailsImage\"><img decoding=\"async\" loading=\"eager\" alt=\"\" src=\"https:\/\/media.ghdhair.com\/images\/product\/676_Feature_Image_2_Global.jpg?v=1725370237496&amp;impolicy=ProductDetailsImage\"><\/picture><!----><\/app-ghd-picture><\/div>\n<p><!----><\/p>\n<div class=\"product-details-info\">\n<h3>Lussuoso cofanetto blu cristallo<\/h3>\n<div class=\"rich-text\">\n<p>Porta sempre con te la piastra &nbsp;in edizione limitata con il lussuoso cofanetto in blu cristallo.<\/p>\n<\/div>\n<\/div>\n<\/div>\n<div class=\"product-details-item ng-star-inserted\">\n<div class=\"product-details-thumb ng-star-inserted\"><app-ghd-picture><picture class=\"ng-star-inserted\"><source media=\"(min-width: 1024px)\" srcset=\"https:\/\/media.ghdhair.com\/images\/product\/676_Feature_Image_3_Global.jpg?v=1725370261602&amp;impolicy=ProductDetailsImage\"><img decoding=\"async\" loading=\"eager\" alt=\"\" src=\"https:\/\/media.ghdhair.com\/images\/product\/676_Feature_Image_3_Global.jpg?v=1725370261602&amp;impolicy=ProductDetailsImage\"><\/picture><!----><\/app-ghd-picture><\/div>\n<p><!----><\/p>\n<div class=\"product-details-info\">\n<h3>Dual-zone technology<\/h3>\n<div class=\"rich-text\">\n<p>Dotata di sensori del calore di nuova generazione, uno in ogni lamella, per controllare la temperatura di styling ottimale di 185\u00b0C dalle radici fino alle punte.<\/p>\n<\/div>\n<\/div>\n<\/div>\n<div class=\"product-details-item ng-star-inserted\">\n<div class=\"product-details-thumb ng-star-inserted\"><app-ghd-picture><picture class=\"ng-star-inserted\"><source media=\"(min-width: 1024px)\" srcset=\"https:\/\/media.ghdhair.com\/images\/product\/TEMP_Feature_Image_5IT.png?v=1726666840291&amp;impolicy=ProductDetailsImage\"><img decoding=\"async\" loading=\"eager\" alt=\"\" src=\"https:\/\/media.ghdhair.com\/images\/product\/TEMP_Feature_Image_5IT.png?v=1726666840291&amp;impolicy=ProductDetailsImage\"><\/picture><!----><\/app-ghd-picture><\/div>\n<p><!----><\/p>\n<div class=\"product-details-info\">\n<h3>Temperatura ottimale di styling di 185\u00b0C<\/h3>\n<div class=\"rich-text\">\n<p>Temperature pi\u00f9 alte danneggerebbero il capello, pi\u00f9 basse comprometterebbero il tuo look.<\/p>\n<\/div>\n<\/div>\n<\/div>\n<div class=\"product-details-item ng-star-inserted\">\n<div class=\"product-details-thumb ng-star-inserted\"><app-ghd-picture><picture class=\"ng-star-inserted\"><source media=\"(min-width: 1024px)\" srcset=\"https:\/\/media.ghdhair.com\/images\/product\/676_Feature_Image_5_Global.jpg?v=1725371198774&amp;impolicy=ProductDetailsImage\"><img decoding=\"async\" loading=\"eager\" alt=\"\" src=\"https:\/\/media.ghdhair.com\/images\/product\/676_Feature_Image_5_Global.jpg?v=1725371198774&amp;impolicy=ProductDetailsImage\"><\/picture><!----><\/app-ghd-picture><\/div>\n<p><!----><\/p>\n<div class=\"product-details-info\">\n<h3>Lamelle lisce, sagomate e basculanti<\/h3>\n<div class=\"rich-text\">\n<p>Scorrono facilmente attraverso i capelli per uno styling veloce e impeccabile ed una lucentezza come da salone.<\/p>\n<\/div>\n<\/div>\n<\/div>\n<div class=\"product-details-item ng-star-inserted\">\n<div class=\"product-details-thumb ng-star-inserted\"><app-ghd-picture><picture class=\"ng-star-inserted\"><source media=\"(min-width: 1024px)\" srcset=\"https:\/\/media.ghdhair.com\/images\/product\/676_Feature_Image_6_Global.jpg?v=1725371232067&amp;impolicy=ProductDetailsImage\"><img decoding=\"async\" loading=\"eager\" alt=\"\" src=\"https:\/\/media.ghdhair.com\/images\/product\/676_Feature_Image_6_Global.jpg?v=1725371232067&amp;impolicy=ProductDetailsImage\"><\/picture><!----><\/app-ghd-picture><\/div>\n<p><!----><\/p>\n<div class=\"product-details-info\">\n<h3>Design snello e fusto arrotondato<\/h3>\n<div class=\"rich-text\">\n<p>Per uno styling versatile, veloce e semplice.<\/p>\n<\/div>\n<\/div>\n<\/div>\n<div class=\"product-details-item ng-star-inserted\">\n<div class=\"product-details-thumb ng-star-inserted\"><app-ghd-picture><picture class=\"ng-star-inserted\"><source media=\"(min-width: 1024px)\" srcset=\"https:\/\/media.ghdhair.com\/images\/product\/676_Feature_Image_7_Global.jpg?v=1725371299415&amp;impolicy=ProductDetailsImage\"><img decoding=\"async\" loading=\"eager\" alt=\"\" src=\"https:\/\/media.ghdhair.com\/images\/product\/676_Feature_Image_7_Global.jpg?v=1725371299415&amp;impolicy=ProductDetailsImage\"><\/picture><!----><\/app-ghd-picture><\/div>\n<p><!----><\/p>\n<div class=\"product-details-info\">\n<h3>Coprilamelle resistente al calore<\/h3>\n<div class=\"rich-text\">\n<p>Per proteggere le lamelle dopo l&#8217;utilizzo e portare i tuoi look e la tua styler ovunque vuoi.<\/p>\n<\/div>\n<\/div>\n<\/div>\n<div class=\"product-details-item ng-star-inserted\">\n<div class=\"product-details-thumb ng-star-inserted\"><app-ghd-picture><picture class=\"ng-star-inserted\"><source media=\"(min-width: 1024px)\" srcset=\"https:\/\/media.ghdhair.com\/images\/product\/453_Feature_Image_6IT.jpg?v=1&amp;impolicy=ProductDetailsImage\"><img decoding=\"async\" loading=\"eager\" alt=\"Voltaggio universale\" src=\"https:\/\/media.ghdhair.com\/images\/product\/453_Feature_Image_6IT.jpg?v=1&amp;impolicy=ProductDetailsImage\"><\/picture><!----><\/app-ghd-picture><\/div>\n<p><!----><\/p>\n<div class=\"product-details-info\">\n<h3>Voltaggio universale<\/h3>\n<div class=\"rich-text\">\n<p>Per ottenere sempre le migliori performance ovunque ti trovi.<\/p>\n<\/div>\n<\/div>\n<\/div>\n<div class=\"product-details-item ng-star-inserted\">\n<div class=\"product-details-thumb ng-star-inserted\"><app-ghd-picture><picture class=\"ng-star-inserted\"><source media=\"(min-width: 1024px)\" srcset=\"https:\/\/media.ghdhair.com\/images\/product\/453_Feature_Image_7IT.jpg?v=1&amp;impolicy=ProductDetailsImage\"><img decoding=\"async\" loading=\"eager\" alt=\"Sleep mode automatico\" src=\"https:\/\/media.ghdhair.com\/images\/product\/453_Feature_Image_7IT.jpg?v=1&amp;impolicy=ProductDetailsImage\"><\/picture><!----><\/app-ghd-picture><\/div>\n<p><!----><\/p>\n<div class=\"product-details-info\">\n<h3>Funzione sleep mode automatica<\/h3>\n<div class=\"rich-text\">\n<p>Spegne la styler dopo 30 minuti di inutilizzo, per il massimo della tranquillit\u00e0.<\/p>\n<\/div>\n<\/div>\n<\/div>\n<div class=\"product-details-item ng-star-inserted\">\n<div class=\"product-details-thumb ng-star-inserted\"><app-ghd-picture><picture class=\"ng-star-inserted\"><source media=\"(min-width: 1024px)\" srcset=\"https:\/\/media.ghdhair.com\/images\/product\/676_Feature_Image_10_Global.jpg?v=1725371918231&amp;impolicy=ProductDetailsImage\"><img decoding=\"async\" loading=\"eager\" alt=\"\" src=\"https:\/\/media.ghdhair.com\/images\/product\/676_Feature_Image_10_Global.jpg?v=1725371918231&amp;impolicy=ProductDetailsImage\"><\/picture><!----><\/app-ghd-picture><\/div>\n<p><!----><\/p>\n<div class=\"product-details-info\">\n<h3>Cavo girevole di 2.7m<\/h3>\n<div class=\"rich-text\">\n<p>Cavo professionale per un maggior comfort durante lo styling ovunque ti trovi.<\/p>\n<\/div>\n<\/div>\n<\/div>\n<div class=\"product-details-item ng-star-inserted\">\n<div class=\"product-details-thumb ng-star-inserted\"><app-ghd-picture><picture class=\"ng-star-inserted\"><source media=\"(min-width: 1024px)\" srcset=\"https:\/\/media.ghdhair.com\/images\/product\/26warranty_Feature_Image_IT.png?v=1718729507127&amp;impolicy=ProductDetailsImage\"><img decoding=\"async\" loading=\"eager\" alt=\"\" src=\"https:\/\/media.ghdhair.com\/images\/product\/26warranty_Feature_Image_IT.png?v=1718729507127&amp;impolicy=ProductDetailsImage\"><\/picture><!----><\/app-ghd-picture><\/div>\n<p><!----><\/p>\n<div class=\"product-details-info\">\n<h3>26 mesi di garanzia<\/h3>\n<div class=\"rich-text\">\n<p>Questo prodotto \u00e8 coperto da una garanzia valida 26 mesi. Per saperne di pi\u00f9, visita la pagina dedicata sul nostro sito.<\/p>\n<\/div>\n<\/div>\n<\/div>\n<p><!----><\/div>\n<p><\/app-ghd-product-details-tab><\/p>\n<p><app-ghd-product-features tabindex=\"0\" aria-labelledby=\"features\" class=\"ng-star-inserted\"><\/p>\n<div class=\"product-features-wrap\">\n<div class=\"product-features-banner ng-star-inserted\"><!----><app-ghd-video-banner class=\"ng-star-inserted\"><\/p>\n<div class=\"video-banner-main-container DARK PX5 ng-star-inserted\"><!----><\/p>\n<div class=\"video-banner-media-container\"><app-ghd-video class=\"video-banner-video ng-star-inserted\"><video controls=\"\" class=\"video-component video-banner-video ng-star-inserted\" preload=\"metadata\"><source src=\"https:\/\/media.ghdhair.com\/videos\/product\/Xmas24_MainCampaignVideo_IT.mp4?v=1731573547641#t=0.1\" type=\"video\/mp4\"><\/video><!----><!----><!----><!----><!----><!----><\/app-ghd-video><!----><\/div>\n<\/div>\n<p><!----><\/app-ghd-video-banner><!----><\/div>\n<div class=\"product-features-banner ng-star-inserted\"><app-ghd-full-media-banner class=\"ng-star-inserted\"><\/p>\n<div appghdclickable=\"\" class=\"full-media-banner-main-container DARK PX5 ng-star-inserted\">\n<div class=\"full-media-banner-media-container LEFT\"><app-ghd-picture class=\"full-media-banner-image ng-star-inserted\"><picture class=\"ng-star-inserted\"><source media=\"(min-width: 1024px)\" srcset=\"https:\/\/media.ghdhair.com\/images\/product\/PDP_TechBanner_gold_it@3x.png?v=1726671321643&amp;impolicy=FullMediaBannerDesktop\"><img decoding=\"async\" loading=\"eager\" alt=\"\" src=\"https:\/\/media.ghdhair.com\/images\/product\/PDP_TechBanner_gold_it@3x.png?v=1726671321643&amp;impolicy=FullMediaBannerLeft\" class=\"full-media-banner-image\"><\/picture><!----><\/app-ghd-picture><!----><!----><\/div>\n<div class=\"full-media-banner-text-container LEFT\"><!----><!----><\/p>\n<div class=\"ng-star-inserted\">\n<h2 class=\"full-media-banner-headline ng-star-inserted\"> LUXURY VANITY CASE <\/h2>\n<p><!----><\/div>\n<p><!----><\/p>\n<div class=\"full-media-banner-content rich-text DARK ng-star-inserted\">\n<p>La nuova ghd gold<strong>\u00ae<\/strong> della limited edition ghd iced luxe si presenta in un esclusivo vanity case blu cristallo dal valore di \u20ac60.<\/p>\n<\/div>\n<p><!----><!----><!----><\/div>\n<\/div>\n<p><!----><\/app-ghd-full-media-banner><!----><!----><\/div>\n<div class=\"product-features-banner ng-star-inserted\"><app-ghd-full-media-banner class=\"ng-star-inserted\"><\/p>\n<div appghdclickable=\"\" class=\"full-media-banner-main-container DARK PX5 ng-star-inserted\">\n<div class=\"full-media-banner-media-container RIGHT\"><app-ghd-picture class=\"full-media-banner-image ng-star-inserted\"><picture class=\"ng-star-inserted\"><source media=\"(min-width: 1024px)\" srcset=\"https:\/\/media.ghdhair.com\/images\/product\/676_PDP_TechBanner_Gold_2_Left_Global.jpg?v=1725364728130&amp;impolicy=FullMediaBannerDesktop\"><img decoding=\"async\" loading=\"eager\" alt=\"\" src=\"https:\/\/media.ghdhair.com\/images\/product\/676_PDP_TechBanner_Gold_2_Left_Global.jpg?v=1725364728130&amp;impolicy=FullMediaBannerRight\" class=\"full-media-banner-image\"><\/picture><!----><\/app-ghd-picture><!----><!----><\/div>\n<div class=\"full-media-banner-text-container RIGHT\"><!----><!----><\/p>\n<div class=\"ng-star-inserted\">\n<h2 class=\"full-media-banner-headline ng-star-inserted\"> Dual-zone technology <\/h2>\n<p><!----><\/div>\n<p><!----><\/p>\n<div class=\"full-media-banner-content rich-text DARK ng-star-inserted\">\n<p>Dotata di sensori del calore di nuova generazione, uno in ogni lamella, per controllare la temperatura di styling ottimale di 185\u00b0C dalle radici fino alle punte.<\/p>\n<\/div>\n<p><!----><!----><!----><\/div>\n<\/div>\n<p><!----><\/app-ghd-full-media-banner><!----><!----><\/div>\n<div class=\"product-features-banner ng-star-inserted\"><app-ghd-full-media-banner class=\"ng-star-inserted\"><\/p>\n<div appghdclickable=\"\" class=\"full-media-banner-main-container DARK PX5 ng-star-inserted\">\n<div class=\"full-media-banner-media-container LEFT\"><app-ghd-picture class=\"full-media-banner-image ng-star-inserted\"><picture class=\"ng-star-inserted\"><source media=\"(min-width: 1024px)\" srcset=\"https:\/\/media.ghdhair.com\/images\/product\/676_PDP_TechBanner_Gold_3_Right_Global.jpg?v=1725364845403&amp;impolicy=FullMediaBannerDesktop\"><img decoding=\"async\" loading=\"eager\" alt=\"\" src=\"https:\/\/media.ghdhair.com\/images\/product\/676_PDP_TechBanner_Gold_3_Right_Global.jpg?v=1725364845403&amp;impolicy=FullMediaBannerLeft\" class=\"full-media-banner-image\"><\/picture><!----><\/app-ghd-picture><!----><!----><\/div>\n<div class=\"full-media-banner-text-container LEFT\"><!----><!----><\/p>\n<div class=\"ng-star-inserted\">\n<h2 class=\"full-media-banner-headline ng-star-inserted\"> PI\u00d9 DI UNA SEMPLICE PIASTRA PER CAPELLI <\/h2>\n<p><!----><\/div>\n<p><!----><\/p>\n<div class=\"full-media-banner-content rich-text DARK ng-star-inserted\">\n<p>Il design snello ed il fusto arrotondato rendono la piastra ghd gold\u00ae la styler perfetta per realizzare ricci definiti, beach waves e look lisci impeccabili.<\/p>\n<\/div>\n<p><!----><!----><!----><\/div>\n<\/div>\n<p><!----><\/app-ghd-full-media-banner><!----><!----><\/div>\n<div class=\"product-features-banner ng-star-inserted\"><app-ghd-full-media-banner class=\"ng-star-inserted\"><\/p>\n<div appghdclickable=\"\" class=\"full-media-banner-main-container DARK PX5 ng-star-inserted\">\n<div class=\"full-media-banner-media-container RIGHT\"><app-ghd-picture class=\"full-media-banner-image ng-star-inserted\"><picture class=\"ng-star-inserted\"><source media=\"(min-width: 1024px)\" srcset=\"https:\/\/media.ghdhair.com\/images\/product\/PDP_TechBanner_GOLD_4_IT@3x.png?v=1726671909373&amp;impolicy=FullMediaBannerDesktop\"><img decoding=\"async\" loading=\"eager\" alt=\"\" src=\"https:\/\/media.ghdhair.com\/images\/product\/PDP_TechBanner_GOLD_4_IT@3x.png?v=1726671909373&amp;impolicy=FullMediaBannerRight\" class=\"full-media-banner-image\"><\/picture><!----><\/app-ghd-picture><!----><!----><\/div>\n<div class=\"full-media-banner-text-container RIGHT\"><!----><!----><\/p>\n<div class=\"ng-star-inserted\">\n<h2 class=\"full-media-banner-headline ng-star-inserted\"> TEMPO DI RISCALDAMENTO DI 25 SECONDI <\/h2>\n<p><!----><\/div>\n<p><!----><\/p>\n<div class=\"full-media-banner-content rich-text DARK ng-star-inserted\">\n<p>Trasforma la tua routine di styling velocemente e facilmente grazie al tempo di riscaldamento di 25 secondi e ottieni risultati professionali.<\/p>\n<\/div>\n<p><!----><!----><!----><\/div>\n<\/div>\n<p><!----><\/app-ghd-full-media-banner><!----><!----><\/div>\n<\/div>\n<p><\/app-ghd-product-features><\/p>\n","protected":false},"excerpt":{"rendered":"<p>Scolpisci la tua fantasia natalizia con la piastra professionale\u00a0ghd gold\u00ae, elegantemente rivestita da una\u00a0sfumatura blu ghiaccio\u00a0e custodita in un raffinato\u00a0cofanetto ghd azzurro cristallo\u00b3. Regala(ti!) il meglio questo Natale e lasciati sciogliere dalla magia di Good Hair Days. Ti presentiamo la styler ghd gold\u00ae, la nostra piastra per capelli professionale avanzata che regala\u00a0capelli istantaneamente lisci, setosi<\/p>\n","protected":false},"featured_media":4979,"template":"","meta":[],"product_cat":[44],"product_tag":[],"class_list":{"0":"post-4904","1":"product","2":"type-product","3":"status-publish","4":"has-post-thumbnail","6":"product_cat-piastre-ghd","8":"first","9":"outofstock","10":"sold-individually","11":"shipping-taxable","12":"purchasable","13":"product-type-simple"},"aioseo_notices":[],"_links":{"self":[{"href":"https:\/\/manidiforbici.it\/salone-pesaro\/wp-json\/wp\/v2\/product\/4904","targetHints":{"allow":["GET"]}}],"collection":[{"href":"https:\/\/manidiforbici.it\/salone-pesaro\/wp-json\/wp\/v2\/product"}],"about":[{"href":"https:\/\/manidiforbici.it\/salone-pesaro\/wp-json\/wp\/v2\/types\/product"}],"wp:featuredmedia":[{"embeddable":true,"href":"https:\/\/manidiforbici.it\/salone-pesaro\/wp-json\/wp\/v2\/media\/4979"}],"wp:attachment":[{"href":"https:\/\/manidiforbici.it\/salone-pesaro\/wp-json\/wp\/v2\/media?parent=4904"}],"wp:term":[{"taxonomy":"product_cat","embeddable":true,"href":"https:\/\/manidiforbici.it\/salone-pesaro\/wp-json\/wp\/v2\/product_cat?post=4904"},{"taxonomy":"product_tag","embeddable":true,"href":"https:\/\/manidiforbici.it\/salone-pesaro\/wp-json\/wp\/v2\/product_tag?post=4904"}],"curies":[{"name":"wp","href":"https:\/\/api.w.org\/{rel}","templated":true}]}}