{"id":4908,"date":"2024-12-21T20:31:38","date_gmt":"2024-12-21T19:31:38","guid":{"rendered":"https:\/\/manidiforbici.it\/salone-pesaro\/product\/ghd-platinum-bianca\/"},"modified":"2026-04-16T06:00:22","modified_gmt":"2026-04-16T05:00:22","slug":"ghd-platinum-bianca","status":"publish","type":"product","link":"https:\/\/manidiforbici.it\/salone-pesaro\/product\/ghd-platinum-bianca\/","title":{"rendered":"GHD PLATINUM+ STYLER &#8211; PIASTRA PER CAPELLI (BIANCA)"},"content":{"rendered":"<p>Ti presentiamo ghd platinum+, una styler cos\u00ec intelligente da riconoscere le esigenze dei tuoi capelli e adattare\u00a0costantemente la potenza per mantenere la\u00a0<strong>temperatura ottimale di 185\u00b0C\u00a0<\/strong>per tutta la durata dello styling.<\/p>\n<p>Caratterizzata da\u00a0<strong>ultra-zone\u2122<\/strong><strong>\u00a0con predictive technology<\/strong>, questa avanzata piastra per capelli ghd garantisce risultati uniformi durante la piega. La piastra ghd platinum+ riconosce ogni sezione del capello e la velocit\u00e0 di styling, mantenendo la temperatura ottimale di 185\u00b0C e assicurando\u00a0<strong>capelli 70% pi\u00f9 forti*<\/strong>*, 75% pi\u00f9 lucenti*** con 2 volte pi\u00f9 protezione del colore. Utilizza la piastra professionale ghd platinum+ con\u00a0<strong>ghd bodyguard &#8211; heat protect spray<\/strong>\u00a0per risultati professionali.<\/p>\n<p>La temperatura \u00e8 monitorata 250 volte al secondo grazie ai<strong>\u00a0sensori infinity<\/strong>\u00a0presenti su tutta la lamella, per adattare la potenza in maniera costante e precisa. Qualsiasi sia il tuo tipo di capello o la tecnica di styling, la piastra<strong>\u00a0ghd platinum+<\/strong>\u00a0 garantisce la giusta temperatura in base alla necessit\u00e0 dei tuoi capelli, per risultati personalizzati.<\/p>\n<p>Ogni lamella \u00e8 levigata per assicurare un delicato scorrimento del capello, mentre il fusto arrotondato \u00e8 perfetto per creare\u00a0<strong>ricci<\/strong>\u00a0o\u00a0<strong>onde<\/strong>, qualsiasi sia il tuo tipo di capello. Il voltaggio universale ti permette di utilizzare la piastra ovunque ti trovi, mentre la funzione sleep-mode ti garantisce il massimo della tranquillit\u00e0 a fine piega.<\/p>\n<p><app-ghd-product-details-tab role=\"tabpanel\" id=\"product-tab-body-details\" tabindex=\"1\" aria-labelledby=\"product-tab-head-details\" class=\"ng-star-inserted\"><\/p>\n<div class=\"product-details-wrap\">\n<div class=\"product-details-item ng-star-inserted\">\n<div class=\"product-details-thumb ng-star-inserted\"><app-ghd-picture><picture class=\"ng-star-inserted\"><source media=\"(min-width: 1024px)\" srcset=\"https:\/\/media.ghdhair.com\/images\/product\/453_Feature_Image_1.jpg?v=1&amp;impolicy=ProductDetailsImage\"><img decoding=\"async\" loading=\"eager\" alt=\"Ultra-zone technology ghd\" src=\"https:\/\/media.ghdhair.com\/images\/product\/453_Feature_Image_1.jpg?v=1&amp;impolicy=ProductDetailsImage\"><\/picture><!----><\/app-ghd-picture><\/div>\n<p><!----><\/p>\n<div class=\"product-details-info\">\n<h3>Ultra-zone con predictive technology <\/h3>\n<div class=\"rich-text\">\n<p>L&#8217;ultima innovazione nello styling a caldo che garantisce una temperatura costante sulle lamelle per risultati meravigliosi in una sola passata.&nbsp;<\/p>\n<\/div>\n<\/div>\n<\/div>\n<div class=\"product-details-item ng-star-inserted\">\n<div class=\"product-details-thumb ng-star-inserted\"><app-ghd-picture><picture class=\"ng-star-inserted\"><source media=\"(min-width: 1024px)\" srcset=\"https:\/\/media.ghdhair.com\/images\/product\/453_Feature_Image_5IT.jpg?v=1625558064810&amp;impolicy=ProductDetailsImage\"><img decoding=\"async\" loading=\"eager\" alt=\"Temperatura di styling 185\u00b0C\" src=\"https:\/\/media.ghdhair.com\/images\/product\/453_Feature_Image_5IT.jpg?v=1625558064810&amp;impolicy=ProductDetailsImage\"><\/picture><!----><\/app-ghd-picture><\/div>\n<p><!----><\/p>\n<div class=\"product-details-info\">\n<h3>Temperatura ottimale di styling di 185\u00b0C<\/h3>\n<div class=\"rich-text\">\n<p>Temperature pi\u00f9 alte danneggerebbero il capello, pi\u00f9 basse comprometterebbero il tuo look.<\/p>\n<\/div>\n<\/div>\n<\/div>\n<div class=\"product-details-item ng-star-inserted\">\n<div class=\"product-details-thumb ng-star-inserted\"><app-ghd-picture><picture class=\"ng-star-inserted\"><source media=\"(min-width: 1024px)\" srcset=\"https:\/\/media.ghdhair.com\/images\/product\/454_Feature_Image_3.jpg?v=1&amp;impolicy=ProductDetailsImage\"><img decoding=\"async\" loading=\"eager\" alt=\"Lamelle ghd platinum+ bianca\" src=\"https:\/\/media.ghdhair.com\/images\/product\/454_Feature_Image_3.jpg?v=1&amp;impolicy=ProductDetailsImage\"><\/picture><!----><\/app-ghd-picture><\/div>\n<p><!----><\/p>\n<div class=\"product-details-info\">\n<h3>Lamelle precise e d&#8217;avanguardia <\/h3>\n<div class=\"rich-text\">\n<p>Con un rivestimento ultra gloss, per un&#8217;acconciatura perfettamente lucente senza sforzi.<\/p>\n<\/div>\n<\/div>\n<\/div>\n<div class=\"product-details-item ng-star-inserted\">\n<div class=\"product-details-thumb ng-star-inserted\"><app-ghd-picture><picture class=\"ng-star-inserted\"><source media=\"(min-width: 1024px)\" srcset=\"https:\/\/media.ghdhair.com\/images\/product\/454_Feature_Image_4.jpg?v=1&amp;impolicy=ProductDetailsImage\"><img decoding=\"async\" loading=\"eager\" alt=\"Sistema a due braccia ghd\" src=\"https:\/\/media.ghdhair.com\/images\/product\/454_Feature_Image_4.jpg?v=1&amp;impolicy=ProductDetailsImage\"><\/picture><!----><\/app-ghd-picture><\/div>\n<p><!----><\/p>\n<div class=\"product-details-info\">\n<h3>Sistema a due braccia <\/h3>\n<div class=\"rich-text\">\n<p>Per un perfetto allineamento delle lamelle che ti garantisce un maggior controllo nel creare qualunque look.<\/p>\n<\/div>\n<\/div>\n<\/div>\n<div class=\"product-details-item ng-star-inserted\">\n<div class=\"product-details-thumb ng-star-inserted\"><app-ghd-picture><picture class=\"ng-star-inserted\"><source media=\"(min-width: 1024px)\" srcset=\"https:\/\/media.ghdhair.com\/images\/product\/453_Feature_Image_5.jpg?v=1&amp;impolicy=ProductDetailsImage\"><img decoding=\"async\" loading=\"eager\" alt=\"Coprilamelle termoresistente ghd\" src=\"https:\/\/media.ghdhair.com\/images\/product\/453_Feature_Image_5.jpg?v=1&amp;impolicy=ProductDetailsImage\"><\/picture><!----><\/app-ghd-picture><\/div>\n<p><!----><\/p>\n<div class=\"product-details-info\">\n<h3>Coprilamelle resistente al calore<\/h3>\n<div class=\"rich-text\">\n<p>Per proteggere le lamelle dopo l&#8217;utilizzo e portare i tuoi look e la tua styler ovunque vuoi.<\/p>\n<\/div>\n<\/div>\n<\/div>\n<div class=\"product-details-item ng-star-inserted\">\n<div class=\"product-details-thumb ng-star-inserted\"><app-ghd-picture><picture class=\"ng-star-inserted\"><source media=\"(min-width: 1024px)\" srcset=\"https:\/\/media.ghdhair.com\/images\/product\/453_Feature_Image_6IT.jpg?v=1&amp;impolicy=ProductDetailsImage\"><img decoding=\"async\" loading=\"eager\" alt=\"Voltaggio universale\" src=\"https:\/\/media.ghdhair.com\/images\/product\/453_Feature_Image_6IT.jpg?v=1&amp;impolicy=ProductDetailsImage\"><\/picture><!----><\/app-ghd-picture><\/div>\n<p><!----><\/p>\n<div class=\"product-details-info\">\n<h3>Voltaggio universale<\/h3>\n<div class=\"rich-text\">\n<p>Per ottenere sempre le migliori performance ovunque ti trovi.<\/p>\n<\/div>\n<\/div>\n<\/div>\n<div class=\"product-details-item ng-star-inserted\">\n<div class=\"product-details-thumb ng-star-inserted\"><app-ghd-picture><picture class=\"ng-star-inserted\"><source media=\"(min-width: 1024px)\" srcset=\"https:\/\/media.ghdhair.com\/images\/product\/453_Feature_Image_7IT.jpg?v=1&amp;impolicy=ProductDetailsImage\"><img decoding=\"async\" loading=\"eager\" alt=\"Sleep mode automatico\" src=\"https:\/\/media.ghdhair.com\/images\/product\/453_Feature_Image_7IT.jpg?v=1&amp;impolicy=ProductDetailsImage\"><\/picture><!----><\/app-ghd-picture><\/div>\n<p><!----><\/p>\n<div class=\"product-details-info\">\n<h3>Funzione sleep mode automatica<\/h3>\n<div class=\"rich-text\">\n<p>Spegne la styler dopo 30 minuti di inutilizzo, per il massimo della tranquillit\u00e0.<\/p>\n<\/div>\n<\/div>\n<\/div>\n<div class=\"product-details-item ng-star-inserted\">\n<div class=\"product-details-thumb ng-star-inserted\"><app-ghd-picture><picture class=\"ng-star-inserted\"><source media=\"(min-width: 1024px)\" srcset=\"https:\/\/media.ghdhair.com\/images\/product\/453_Feature_Image_3IT.jpg?v=1631108915663&amp;impolicy=ProductDetailsImage\"><img decoding=\"async\" loading=\"eager\" alt=\"\" src=\"https:\/\/media.ghdhair.com\/images\/product\/453_Feature_Image_3IT.jpg?v=1631108915663&amp;impolicy=ProductDetailsImage\"><\/picture><!----><\/app-ghd-picture><\/div>\n<p><!----><\/p>\n<div class=\"product-details-info\">\n<h3>Cavo girevole di 2.7m <\/h3>\n<div class=\"rich-text\">\n<p>Cavo professionale per un maggior comfort durante lo styling ovunque ti trovi.<\/p>\n<\/div>\n<\/div>\n<\/div>\n<p><!----><\/div>\n<p><\/app-ghd-product-details-tab><\/p>\n<p><app-ghd-product-tabs class=\"ng-star-inserted\"><\/p>\n<div class=\"product-tabs ng-star-inserted\">\n<div role=\"tablist\" aria-label=\"Product Tabs\" class=\"product-tabs-head\">\n<h2 class=\"d-flex w-100 ng-star-inserted\"><button role=\"tab\" class=\"product-tabs-head-item active\" aria-selected=\"true\" aria-controls=\"product-tab-body-features\" id=\"product-tab-head-features\" tabindex=\"0\"> Tecnologia <\/button><\/h2>\n<h2 class=\"d-flex w-100 ng-star-inserted\"><button role=\"tab\" class=\"product-tabs-head-item\" aria-selected=\"false\" aria-controls=\"product-tab-body-details\" id=\"product-tab-head-details\" tabindex=\"1\"> Caratteristiche <\/button><\/h2>\n<p><!----><\/div>\n<div class=\"product-tabs-body\"><!----><app-ghd-product-features tabindex=\"0\" aria-labelledby=\"features\" class=\"ng-star-inserted\"><\/p>\n<div class=\"product-features-wrap\">\n<div class=\"product-features-banner ng-star-inserted\"><app-ghd-full-media-banner class=\"ng-star-inserted\"><\/p>\n<div appghdclickable=\"\" class=\"full-media-banner-main-container DARK PX5 ng-star-inserted\">\n<div class=\"full-media-banner-media-container RIGHT\"><app-ghd-picture class=\"full-media-banner-image ng-star-inserted\"><picture class=\"ng-star-inserted\"><source media=\"(min-width: 1024px)\" srcset=\"https:\/\/media.ghdhair.com\/images\/product\/454_Banner_Image_1IT.jpg?v=1625558615206&amp;impolicy=FullMediaBannerDesktop\"><img decoding=\"async\" loading=\"eager\" alt=\"Piastra intelligente ghd\" src=\"https:\/\/media.ghdhair.com\/images\/product\/454_Banner_Image_1IT.jpg?v=1625558615206&amp;impolicy=FullMediaBannerRight\" class=\"full-media-banner-image\"><\/picture><!----><\/app-ghd-picture><!----><!----><\/div>\n<div class=\"full-media-banner-text-container RIGHT\"><!----><!----><\/p>\n<div class=\"ng-star-inserted\">\n<h2 class=\"full-media-banner-headline ng-star-inserted\"> La nostra prima piastra intelligente  <\/h2>\n<p><!----><\/div>\n<p><!----><\/p>\n<div class=\"full-media-banner-content rich-text DARK ng-star-inserted\">\n<p>Monitora il calore 250 volte al secondo per mantenere una temperatura di styling ottimale di 185\u00b0C, per capelli 70% pi\u00f9 forti**, 75% pi\u00f9 lucenti*** con 2 volte pi\u00f9 protezione del colore.<\/p>\n<\/div>\n<p><!----><!----><!----><\/div>\n<\/div>\n<p><!----><\/app-ghd-full-media-banner><!----><!----><\/div>\n<div class=\"product-features-banner ng-star-inserted\"><app-ghd-full-media-banner class=\"ng-star-inserted\"><\/p>\n<div appghdclickable=\"\" class=\"full-media-banner-main-container DARK PX5 ng-star-inserted\">\n<div class=\"full-media-banner-media-container LEFT\"><app-ghd-picture class=\"full-media-banner-image ng-star-inserted\"><picture class=\"ng-star-inserted\"><source media=\"(min-width: 1024px)\" srcset=\"https:\/\/media.ghdhair.com\/images\/product\/454_Banner_Image_2ITA.jpg?v=1625645996312&amp;impolicy=FullMediaBannerDesktop\"><img decoding=\"async\" loading=\"eager\" alt=\"Sistema a due braccia ghd\" src=\"https:\/\/media.ghdhair.com\/images\/product\/454_Banner_Image_2ITA.jpg?v=1625645996312&amp;impolicy=FullMediaBannerLeft\" class=\"full-media-banner-image\"><\/picture><!----><\/app-ghd-picture><!----><!----><\/div>\n<div class=\"full-media-banner-text-container LEFT\"><!----><!----><\/p>\n<div class=\"ng-star-inserted\">\n<h2 class=\"full-media-banner-headline ng-star-inserted\"> Pi\u00f9 di una semplice piastra per capelli  <\/h2>\n<p><!----><\/div>\n<p><!----><\/p>\n<div class=\"full-media-banner-content rich-text DARK ng-star-inserted\">\n<p>Sistema a due braccia unico e fusto arrotondato per uno styling versatile per realizzare acconciature lisce o onde.<\/p>\n<\/div>\n<p><!----><!----><!----><\/div>\n<\/div>\n<p><!----><\/app-ghd-full-media-banner><!----><!----><\/div>\n<div class=\"product-features-banner ng-star-inserted\"><app-ghd-full-media-banner class=\"ng-star-inserted\"><\/p>\n<div appghdclickable=\"\" class=\"full-media-banner-main-container DARK PX5 ng-star-inserted\">\n<div class=\"full-media-banner-media-container RIGHT\"><app-ghd-picture class=\"full-media-banner-image ng-star-inserted\"><picture class=\"ng-star-inserted\"><source media=\"(min-width: 1024px)\" srcset=\"https:\/\/media.ghdhair.com\/images\/product\/454_Banner_Image_3.jpg?v=1&amp;impolicy=FullMediaBannerDesktop\"><img decoding=\"async\" loading=\"eager\" alt=\"Tecnologia ultra-zone\" src=\"https:\/\/media.ghdhair.com\/images\/product\/454_Banner_Image_3.jpg?v=1&amp;impolicy=FullMediaBannerRight\" class=\"full-media-banner-image\"><\/picture><!----><\/app-ghd-picture><!----><!----><\/div>\n<div class=\"full-media-banner-text-container RIGHT\"><!----><!----><\/p>\n<div class=\"ng-star-inserted\">\n<h2 class=\"full-media-banner-headline ng-star-inserted\"> Risultati personalizzati  <\/h2>\n<p><!----><\/div>\n<p><!----><\/p>\n<div class=\"full-media-banner-content rich-text DARK ng-star-inserted\">\n<p>Ultra-zone\u2122 con predictive technology che riconosce lo spessore dei capelli e la velocit\u00e0 di styling adattando la potenza per mantenere la temperatura costante sulle lamelle e garantire risultati personalizzati.<\/p>\n<\/div>\n<p><!----><!----><!----><\/div>\n<\/div>\n<p><!----><\/app-ghd-full-media-banner><!----><!----><\/div>\n<div class=\"product-features-banner ng-star-inserted\"><!----><app-ghd-video-banner class=\"ng-star-inserted\"><\/p>\n<div class=\"video-banner-main-container DARK PX5 ng-star-inserted\">\n<div class=\"video-banner-text-container BOTTOM ng-star-inserted\">\n<h2 class=\"video-banner-heading ng-star-inserted\"> Hairstyling con meno calore <\/h2>\n<p><!----><\/p>\n<div class=\"video-banner-body rich-text ng-star-inserted\">\n<p>Con sensori infinity avanzati per adattare la potenza in base allo spessore dei capelli e la velocit\u00e0 di styling, per risultati professionali senza ricorrere a temperature estreme.&nbsp;<\/p>\n<\/div>\n<p><!----><!----><!----><\/div>\n<p><!----><\/p>\n<div class=\"video-banner-media-container\"><app-ghd-video class=\"video-banner-video ng-star-inserted\"><video controls=\"\" class=\"video-component video-banner-video ng-star-inserted\" preload=\"metadata\"><source src=\"https:\/\/media.ghdhair.com\/videos\/product\/ghd_Platinum_Plus_Product_Video_IT.mp4?v=1#t=0.1\" type=\"video\/mp4\"><\/video><!----><!----><!----><!----><!----><!----><\/app-ghd-video><!----><\/div>\n<\/div>\n<p><!----><\/app-ghd-video-banner><!----><\/div>\n<div class=\"product-features-banner ng-star-inserted\"><!----><!----><\/div>\n<div class=\"product-features-banner ng-star-inserted\"><app-ghd-full-media-banner class=\"ng-star-inserted\"><\/p>\n<div appghdclickable=\"\" class=\"full-media-banner-main-container DARK PX5 ng-star-inserted\">\n<div class=\"full-media-banner-media-container RIGHT\"><app-ghd-picture class=\"full-media-banner-image ng-star-inserted\"><picture class=\"ng-star-inserted\"><source media=\"(min-width: 1024px)\" srcset=\"https:\/\/media.ghdhair.com\/images\/product\/Compare_PDP_Tech_Banner_Stylers_Right_ita.jpg?v=1699349534070&amp;impolicy=FullMediaBannerDesktop\"><img decoding=\"async\" loading=\"eager\" alt=\"\" src=\"https:\/\/media.ghdhair.com\/images\/product\/Compare_PDP_Tech_Banner_Stylers_Right_ita.jpg?v=1699349534070&amp;impolicy=FullMediaBannerRight\" class=\"full-media-banner-image\"><\/picture><!----><\/app-ghd-picture><!----><!----><\/div>\n<div class=\"full-media-banner-text-container RIGHT\"><!----><!----><\/p>\n<div class=\"ng-star-inserted\">\n<h2 class=\"full-media-banner-headline ng-star-inserted\"> AIUTAMI A SCEGLIERE <\/h2>\n<p><!----><\/div>\n<p><!----><\/p>\n<div class=\"full-media-banner-content rich-text DARK ng-star-inserted\">\n<p>Vuoi essere sicura che ghd platinum+ sia la styler pi\u00f9 adatta alle tue esigenze? <a href=\"https:\/\/www.ghdhair.com\/it\/piastre-capelli\/confronta\">Confronta le styler.<\/a><\/p>\n<\/div>\n<p><!----><!----><!----><\/div>\n<\/div>\n<p><!----><\/app-ghd-full-media-banner><!----><!----><\/div>\n<div class=\"product-features-banner ng-star-inserted\"><app-ghd-full-media-banner class=\"ng-star-inserted\"><\/p>\n<div appghdclickable=\"\" class=\"full-media-banner-main-container DARK PX5 ng-star-inserted\">\n<div class=\"full-media-banner-media-container LEFT\"><app-ghd-picture class=\"full-media-banner-image ng-star-inserted\"><picture class=\"ng-star-inserted\"><source media=\"(min-width: 1024px)\" srcset=\"https:\/\/media.ghdhair.com\/images\/product\/453_Banner_Image_4.jpg?v=1&amp;impolicy=FullMediaBannerDesktop\"><img decoding=\"async\" loading=\"eager\" alt=\"\" src=\"https:\/\/media.ghdhair.com\/images\/product\/453_Banner_Image_4.jpg?v=1&amp;impolicy=FullMediaBannerLeft\" class=\"full-media-banner-image\"><\/picture><!----><\/app-ghd-picture><!----><!----><\/div>\n<div class=\"full-media-banner-text-container LEFT\"><!----><!----><\/p>\n<div class=\"ng-star-inserted\">\n<h2 class=\"full-media-banner-headline ng-star-inserted\"> Accoppiata vincente  <\/h2>\n<p><!----><\/div>\n<p><!----><\/p>\n<div class=\"full-media-banner-content rich-text DARK ng-star-inserted\">\n<p>Ottieni risultati professionali &#8211; utilizza la piastra ghd platinum+ con il termoprotettore ghd bodyguard heat protect spray per capelli visibilmente pi\u00f9 sani.<\/p>\n<\/div>\n<p><!----><!----><!----><\/div>\n<\/div>\n<p><!----><\/app-ghd-full-media-banner><!----><!----><\/div>\n<p><!----><\/div>\n<p><\/app-ghd-product-features><!----><!----><app-ghd-product-details-tab role=\"tabpanel\" id=\"product-tab-body-details\" tabindex=\"1\" aria-labelledby=\"product-tab-head-details\" class=\"ng-star-inserted\" hidden=\"\"><\/p>\n<div class=\"product-details-wrap\">\n<div class=\"product-details-item ng-star-inserted\">\n<div class=\"product-details-thumb ng-star-inserted\"><app-ghd-picture><picture class=\"ng-star-inserted\"><source media=\"(min-width: 1024px)\" srcset=\"https:\/\/media.ghdhair.com\/images\/product\/453_Feature_Image_1.jpg?v=1&amp;impolicy=ProductDetailsImage\"><img decoding=\"async\" loading=\"eager\" alt=\"Ultra-zone technology ghd\" src=\"https:\/\/media.ghdhair.com\/images\/product\/453_Feature_Image_1.jpg?v=1&amp;impolicy=ProductDetailsImage\"><\/picture><!----><\/app-ghd-picture><\/div>\n<p><!----><\/p>\n<div class=\"product-details-info\">\n<h3>Ultra-zone con predictive technology <\/h3>\n<div class=\"rich-text\">\n<p>L&#8217;ultima innovazione nello styling a caldo che garantisce una temperatura costante sulle lamelle per risultati meravigliosi in una sola passata.&nbsp;<\/p>\n<\/div>\n<\/div>\n<\/div>\n<div class=\"product-details-item ng-star-inserted\">\n<div class=\"product-details-thumb ng-star-inserted\"><app-ghd-picture><picture class=\"ng-star-inserted\"><source media=\"(min-width: 1024px)\" srcset=\"https:\/\/media.ghdhair.com\/images\/product\/453_Feature_Image_5IT.jpg?v=1625558064810&amp;impolicy=ProductDetailsImage\"><img decoding=\"async\" loading=\"eager\" alt=\"Temperatura di styling 185\u00b0C\" src=\"https:\/\/media.ghdhair.com\/images\/product\/453_Feature_Image_5IT.jpg?v=1625558064810&amp;impolicy=ProductDetailsImage\"><\/picture><!----><\/app-ghd-picture><\/div>\n<p><!----><\/p>\n<div class=\"product-details-info\">\n<h3>Temperatura ottimale di styling di 185\u00b0C<\/h3>\n<div class=\"rich-text\">\n<p>Temperature pi\u00f9 alte danneggerebbero il capello, pi\u00f9 basse comprometterebbero il tuo look.<\/p>\n<\/div>\n<\/div>\n<\/div>\n<div class=\"product-details-item ng-star-inserted\">\n<div class=\"product-details-thumb ng-star-inserted\"><app-ghd-picture><picture class=\"ng-star-inserted\"><source media=\"(min-width: 1024px)\" srcset=\"https:\/\/media.ghdhair.com\/images\/product\/454_Feature_Image_3.jpg?v=1&amp;impolicy=ProductDetailsImage\"><img decoding=\"async\" loading=\"eager\" alt=\"Lamelle ghd platinum+ bianca\" src=\"https:\/\/media.ghdhair.com\/images\/product\/454_Feature_Image_3.jpg?v=1&amp;impolicy=ProductDetailsImage\"><\/picture><!----><\/app-ghd-picture><\/div>\n<p><!----><\/p>\n<div class=\"product-details-info\">\n<h3>Lamelle precise e d&#8217;avanguardia <\/h3>\n<div class=\"rich-text\">\n<p>Con un rivestimento ultra gloss, per un&#8217;acconciatura perfettamente lucente senza sforzi.<\/p>\n<\/div>\n<\/div>\n<\/div>\n<div class=\"product-details-item ng-star-inserted\">\n<div class=\"product-details-thumb ng-star-inserted\"><app-ghd-picture><picture class=\"ng-star-inserted\"><source media=\"(min-width: 1024px)\" srcset=\"https:\/\/media.ghdhair.com\/images\/product\/454_Feature_Image_4.jpg?v=1&amp;impolicy=ProductDetailsImage\"><img decoding=\"async\" loading=\"eager\" alt=\"Sistema a due braccia ghd\" src=\"https:\/\/media.ghdhair.com\/images\/product\/454_Feature_Image_4.jpg?v=1&amp;impolicy=ProductDetailsImage\"><\/picture><!----><\/app-ghd-picture><\/div>\n<p><!----><\/p>\n<div class=\"product-details-info\">\n<h3>Sistema a due braccia <\/h3>\n<div class=\"rich-text\">\n<p>Per un perfetto allineamento delle lamelle che ti garantisce un maggior controllo nel creare qualunque look.<\/p>\n<\/div>\n<\/div>\n<\/div>\n<div class=\"product-details-item ng-star-inserted\">\n<div class=\"product-details-thumb ng-star-inserted\"><app-ghd-picture><picture class=\"ng-star-inserted\"><source media=\"(min-width: 1024px)\" srcset=\"https:\/\/media.ghdhair.com\/images\/product\/453_Feature_Image_5.jpg?v=1&amp;impolicy=ProductDetailsImage\"><img decoding=\"async\" loading=\"eager\" alt=\"Coprilamelle termoresistente ghd\" src=\"https:\/\/media.ghdhair.com\/images\/product\/453_Feature_Image_5.jpg?v=1&amp;impolicy=ProductDetailsImage\"><\/picture><!----><\/app-ghd-picture><\/div>\n<p><!----><\/p>\n<div class=\"product-details-info\">\n<h3>Coprilamelle resistente al calore<\/h3>\n<div class=\"rich-text\">\n<p>Per proteggere le lamelle dopo l&#8217;utilizzo e portare i tuoi look e la tua styler ovunque vuoi.<\/p>\n<\/div>\n<\/div>\n<\/div>\n<div class=\"product-details-item ng-star-inserted\">\n<div class=\"product-details-thumb ng-star-inserted\"><app-ghd-picture><picture class=\"ng-star-inserted\"><source media=\"(min-width: 1024px)\" srcset=\"https:\/\/media.ghdhair.com\/images\/product\/453_Feature_Image_6IT.jpg?v=1&amp;impolicy=ProductDetailsImage\"><img decoding=\"async\" loading=\"eager\" alt=\"Voltaggio universale\" src=\"https:\/\/media.ghdhair.com\/images\/product\/453_Feature_Image_6IT.jpg?v=1&amp;impolicy=ProductDetailsImage\"><\/picture><!----><\/app-ghd-picture><\/div>\n<p><!----><\/p>\n<div class=\"product-details-info\">\n<h3>Voltaggio universale<\/h3>\n<div class=\"rich-text\">\n<p>Per ottenere sempre le migliori performance ovunque ti trovi.<\/p>\n<\/div>\n<\/div>\n<\/div>\n<div class=\"product-details-item ng-star-inserted\">\n<div class=\"product-details-thumb ng-star-inserted\"><app-ghd-picture><picture class=\"ng-star-inserted\"><source media=\"(min-width: 1024px)\" srcset=\"https:\/\/media.ghdhair.com\/images\/product\/453_Feature_Image_7IT.jpg?v=1&amp;impolicy=ProductDetailsImage\"><img decoding=\"async\" loading=\"eager\" alt=\"Sleep mode automatico\" src=\"https:\/\/media.ghdhair.com\/images\/product\/453_Feature_Image_7IT.jpg?v=1&amp;impolicy=ProductDetailsImage\"><\/picture><!----><\/app-ghd-picture><\/div>\n<p><!----><\/p>\n<div class=\"product-details-info\">\n<h3>Funzione sleep mode automatica<\/h3>\n<div class=\"rich-text\">\n<p>Spegne la styler dopo 30 minuti di inutilizzo, per il massimo della tranquillit\u00e0.<\/p>\n<\/div>\n<\/div>\n<\/div>\n<div class=\"product-details-item ng-star-inserted\">\n<div class=\"product-details-thumb ng-star-inserted\"><app-ghd-picture><picture class=\"ng-star-inserted\"><source media=\"(min-width: 1024px)\" srcset=\"https:\/\/media.ghdhair.com\/images\/product\/453_Feature_Image_3IT.jpg?v=1631108915663&amp;impolicy=ProductDetailsImage\"><img decoding=\"async\" loading=\"eager\" alt=\"\" src=\"https:\/\/media.ghdhair.com\/images\/product\/453_Feature_Image_3IT.jpg?v=1631108915663&amp;impolicy=ProductDetailsImage\"><\/picture><!----><\/app-ghd-picture><\/div>\n<p><!----><\/p>\n<div class=\"product-details-info\">\n<h3>Cavo girevole di 2.7m <\/h3>\n<div class=\"rich-text\">\n<p>Cavo professionale per un maggior comfort durante lo styling ovunque ti trovi.<\/p>\n<\/div>\n<\/div>\n<\/div>\n<p><!----><\/div>\n<p><\/app-ghd-product-details-tab><!----><!----><!----><!----><\/div>\n<\/div>\n<p><!----><\/app-ghd-product-tabs><\/p>\n","protected":false},"excerpt":{"rendered":"<p>Ti presentiamo ghd platinum+, una styler cos\u00ec intelligente da riconoscere le esigenze dei tuoi capelli e adattare\u00a0costantemente la potenza per mantenere la\u00a0temperatura ottimale di 185\u00b0C\u00a0per tutta la durata dello styling. Caratterizzata da\u00a0ultra-zone\u2122\u00a0con predictive technology, questa avanzata piastra per capelli ghd garantisce risultati uniformi durante la piega. La piastra ghd platinum+ riconosce ogni sezione del capello<\/p>\n","protected":false},"featured_media":4930,"template":"","meta":[],"product_cat":[44],"product_tag":[],"class_list":{"0":"post-4908","1":"product","2":"type-product","3":"status-publish","4":"has-post-thumbnail","6":"product_cat-piastre-ghd","8":"first","9":"outofstock","10":"sold-individually","11":"shipping-taxable","12":"purchasable","13":"product-type-simple"},"aioseo_notices":[],"_links":{"self":[{"href":"https:\/\/manidiforbici.it\/salone-pesaro\/wp-json\/wp\/v2\/product\/4908","targetHints":{"allow":["GET"]}}],"collection":[{"href":"https:\/\/manidiforbici.it\/salone-pesaro\/wp-json\/wp\/v2\/product"}],"about":[{"href":"https:\/\/manidiforbici.it\/salone-pesaro\/wp-json\/wp\/v2\/types\/product"}],"wp:featuredmedia":[{"embeddable":true,"href":"https:\/\/manidiforbici.it\/salone-pesaro\/wp-json\/wp\/v2\/media\/4930"}],"wp:attachment":[{"href":"https:\/\/manidiforbici.it\/salone-pesaro\/wp-json\/wp\/v2\/media?parent=4908"}],"wp:term":[{"taxonomy":"product_cat","embeddable":true,"href":"https:\/\/manidiforbici.it\/salone-pesaro\/wp-json\/wp\/v2\/product_cat?post=4908"},{"taxonomy":"product_tag","embeddable":true,"href":"https:\/\/manidiforbici.it\/salone-pesaro\/wp-json\/wp\/v2\/product_tag?post=4908"}],"curies":[{"name":"wp","href":"https:\/\/api.w.org\/{rel}","templated":true}]}}