{"id":4928,"date":"2024-12-21T20:32:23","date_gmt":"2024-12-21T19:32:23","guid":{"rendered":"https:\/\/manidiforbici.it\/salone-pesaro\/product\/blowdry-spazzola-asciugacapelli-2-in-1-nera\/"},"modified":"2026-04-16T03:40:11","modified_gmt":"2026-04-16T02:40:11","slug":"blowdry-spazzola-asciugacapelli-2-in-1-nera","status":"publish","type":"product","link":"https:\/\/manidiforbici.it\/salone-pesaro\/product\/blowdry-spazzola-asciugacapelli-2-in-1-nera\/","title":{"rendered":"BLOWDRY &#8211; SPAZZOLA ASCIUGACAPELLI 2 IN 1 NERA"},"content":{"rendered":"<p>envenuti nel futuro dello styling con\u00a0<strong>ghd duet blowdry<\/strong>\u00a0&#8211; la nostra rivoluzionaria\u00a0<strong>spazzola asciugacapelli 2-in-1<\/strong>\u00a0progettata per trasformare la tua routine di styling. D\u00ec addio a lunghe sessioni di asciugatura e dai il benvenuto ad asciugature senza sforzo nel comfort di casa tua.<\/p>\n<p>Con ghd duet blowdry puoi asciugare e creare pieghe voluminose contemporaneamente, grazie al suo motore compatto e potente. La nostra innovativa\u00a0<strong>tecnologia Heat-Air Xchange\u2122<\/strong>\u00a0riscalda attivamente la superficie di forma ellittica su misura e le setole lisce, garantendo uno\u00a0<strong>styling voluminoso senza danni termici\u00b9<\/strong>. Ci\u00f2 significa che puoi ottenere risultati professionali senza compromettere la salute dei tuoi capelli.<\/p>\n<p>Sperimenta uno styling potente a bassa temperatura con la spazzola asciugacapelli ghd duet blowdry. Dotata di sensori che monitorano la temperatura 400 volte al secondo, questo tool garantisce\u00a0<strong>calore costante riducendo al minimo i danni dovuti dal calore<\/strong>. Le prese d&#8217;aria perfettamente posizionate consentono uno styling ad alte prestazioni a bassa temperatura, lasciando i capelli lisci, lucenti e pieni di volume.<\/p>\n<p>Con la spazzola phon ghd duet blowdry ottieni\u00a0<strong>risultati duraturi\u00a0<\/strong>e hairlooks perfettamente lisci,\u00a0<strong>senza effetto crespo.<\/strong>\u00a0Inoltre, riduce significativamente la carica statica,\u00a0<strong>dona 3x pi\u00f9 volume\u00b2 e 50% in pi\u00f9 di lucentezza\u00b3 straordinaria<\/strong>.<\/p>\n<p>Il nostro fusto riscaldato e le setole rendono lo styling un gioco da ragazzi, creando una piega professionale morbidissima, facilmente ed in tempi rapidi. E con il nostro sistema acustico su misura, puoi goderti un&#8217;esperienza di livello sonoro bassa per una sessione di styling pi\u00f9 piacevole a casa o in salone.<\/p>\n<p>Progettata pensando ad estetica, prestazioni ed efficienza ultra-potenti, la\u00a0<strong>spazzola ad aria calda<\/strong>\u00a0ghd duet blow offre risultati premium con un consumo energetico ridotto fino al 40% in meno\u2074. Inoltre, goditi una maggiore tranquillit\u00e0 di styling grazie alla\u00a0<strong>modalit\u00e0 sleep mode<\/strong>, che spegne automaticamente il tool dopo 30 minuti di inattivit\u00e0 e alla\u00a0<strong>garanzia di 26 mesi.<\/strong><\/p>\n<p>Inclusa con ghd duet blowdry anche una\u00a0<strong>pochette ghd resistente al calore<\/strong>\u00a0per proteggere le tue superfici e una\u00a0<strong>spazzola per la pulizia<\/strong>\u00a0in modo da ottenere il massimo delle performance dal tuo tool infinite volte.<\/p>\n<p>Trasforma la tua esperienza di styling dei capelli con ghd duet blowdry e scopri il modo pi\u00f9 veloce per ottenere risultati di qualit\u00e0 a casa.<\/p>\n<div class=\"product-details-wrap\">\n<div class=\"product-details-item ng-star-inserted\">\n<div class=\"product-details-thumb ng-star-inserted\"><picture class=\"ng-star-inserted\"><source srcset=\"https:\/\/media.ghdhair.com\/images\/product\/663_PDP_Feature_Image_1_Global.jpg?v=1715853299015&amp;impolicy=ProductDetailsImage\" media=\"(min-width: 1024px)\" \/><img decoding=\"async\" src=\"https:\/\/media.ghdhair.com\/images\/product\/663_PDP_Feature_Image_1_Global.jpg?v=1715853299015&amp;impolicy=ProductDetailsImage\" alt=\"\" \/><\/picture><\/div>\n<div class=\"product-details-info\">\n<h3>Heat-Air Xchange\u2122 Technology<\/h3>\n<div class=\"rich-text\">\n<p>L&#8217;esclusivo Air-Heat Xchanger converte l&#8217;energia termica dall&#8217;aria all&#8217;energia termica immagazzinata nella superficie del prodotto, consentendo un trasferimento di calore ottimale e costante senza danni da calore\u00b9.<\/p>\n<\/div>\n<\/div>\n<\/div>\n<div class=\"product-details-item ng-star-inserted\">\n<div class=\"product-details-thumb ng-star-inserted\"><picture class=\"ng-star-inserted\"><source srcset=\"https:\/\/media.ghdhair.com\/images\/product\/663_PDP_Feature_Image_2_Global.jpg?v=1715853320804&amp;impolicy=ProductDetailsImage\" media=\"(min-width: 1024px)\" \/><img decoding=\"async\" src=\"https:\/\/media.ghdhair.com\/images\/product\/663_PDP_Feature_Image_2_Global.jpg?v=1715853320804&amp;impolicy=ProductDetailsImage\" alt=\"\" \/><\/picture><\/div>\n<div class=\"product-details-info\">\n<h3>Piastra cilindrica riscaldata<\/h3>\n<div class=\"rich-text\">\n<p>Piastra a forma ellittica che aiuta a lisciare e dare forma mantenendo la temperatura ottimale di styling da bagnati ad asciutti di 120\u00b0C per un trasferimento di calore costante dalle radici alle punte.<\/p>\n<\/div>\n<\/div>\n<\/div>\n<div class=\"product-details-item ng-star-inserted\">\n<div class=\"product-details-thumb ng-star-inserted\"><picture class=\"ng-star-inserted\"><source srcset=\"https:\/\/media.ghdhair.com\/images\/product\/663_PDP_Feature_Image_3_Global.jpg?v=1715853342151&amp;impolicy=ProductDetailsImage\" media=\"(min-width: 1024px)\" \/><img decoding=\"async\" src=\"https:\/\/media.ghdhair.com\/images\/product\/663_PDP_Feature_Image_3_Global.jpg?v=1715853342151&amp;impolicy=ProductDetailsImage\" alt=\"\" \/><\/picture><\/div>\n<div class=\"product-details-info\">\n<h3>Setole lisce riscaldate<\/h3>\n<div class=\"rich-text\">\n<p>Le setole lisce riscaldate consentono di scorrere agilmente e senza aggrovigliamenti o rotture, migliorando la lucentezza naturale dei capelli.<\/p>\n<\/div>\n<\/div>\n<\/div>\n<div class=\"product-details-item ng-star-inserted\">\n<div class=\"product-details-thumb ng-star-inserted\"><picture class=\"ng-star-inserted\"><source srcset=\"https:\/\/media.ghdhair.com\/images\/product\/663_PDP_Feature_Image_4_Global.jpg?v=1715853362291&amp;impolicy=ProductDetailsImage\" media=\"(min-width: 1024px)\" \/><img decoding=\"async\" src=\"https:\/\/media.ghdhair.com\/images\/product\/663_PDP_Feature_Image_4_Global.jpg?v=1715853362291&amp;impolicy=ProductDetailsImage\" alt=\"\" \/><\/picture><\/div>\n<div class=\"product-details-info\">\n<h3>Sensori di temperatura<\/h3>\n<div class=\"rich-text\">\n<p>I 2 sensori di calore che monitorano la temperatura superficiale 400x volte al secondo sono posizionati sui lati opposti della piastra cilindrica, per garantire che la temperatura ottimale di styling sia mantenuta attraverso il fusto e le setole.<\/p>\n<\/div>\n<\/div>\n<\/div>\n<div class=\"product-details-item ng-star-inserted\">\n<div class=\"product-details-thumb ng-star-inserted\"><picture class=\"ng-star-inserted\"><source srcset=\"https:\/\/media.ghdhair.com\/images\/product\/DUET_blowdry_Feature_ITA.png?v=1718354649575&amp;impolicy=ProductDetailsImage\" media=\"(min-width: 1024px)\" \/><img decoding=\"async\" src=\"https:\/\/media.ghdhair.com\/images\/product\/DUET_blowdry_Feature_ITA.png?v=1718354649575&amp;impolicy=ProductDetailsImage\" alt=\"\" \/><\/picture><\/div>\n<div class=\"product-details-info\">\n<h3>Efficienza energetica<\/h3>\n<div class=\"rich-text\">\n<p>Progettata con prestazioni ultra-efficienti e potenti al suo interno. La nostra esclusiva aerodinamica riduce al minimo gli sprechi energetici fino al 40% in meno di consumo energetico\u2074.<\/p>\n<\/div>\n<\/div>\n<\/div>\n<div class=\"product-details-item ng-star-inserted\">\n<div class=\"product-details-thumb ng-star-inserted\"><picture class=\"ng-star-inserted\"><source srcset=\"https:\/\/media.ghdhair.com\/images\/product\/612_DUET_STYLE_BLACK_Feature_9_ITA.jpg?v=1718355046692&amp;impolicy=ProductDetailsImage\" media=\"(min-width: 1024px)\" \/><img decoding=\"async\" src=\"https:\/\/media.ghdhair.com\/images\/product\/612_DUET_STYLE_BLACK_Feature_9_ITA.jpg?v=1718355046692&amp;impolicy=ProductDetailsImage\" alt=\"\" \/><\/picture><\/div>\n<div class=\"product-details-info\">\n<h3>Tecnologia del sistema acustico su misura<\/h3>\n<div class=\"rich-text\">\n<p>Assicura bassi livelli di rumorosit\u00e0 per un&#8217;esperienza di styling pi\u00f9 piacevole<\/p>\n<\/div>\n<\/div>\n<\/div>\n<div class=\"product-details-item ng-star-inserted\">\n<div class=\"product-details-thumb ng-star-inserted\"><picture class=\"ng-star-inserted\"><source srcset=\"https:\/\/media.ghdhair.com\/images\/product\/453_Feature_Image_7IT.jpg?v=1718355162185&amp;impolicy=ProductDetailsImage\" media=\"(min-width: 1024px)\" \/><img decoding=\"async\" src=\"https:\/\/media.ghdhair.com\/images\/product\/453_Feature_Image_7IT.jpg?v=1718355162185&amp;impolicy=ProductDetailsImage\" alt=\"\" \/><\/picture><\/div>\n<div class=\"product-details-info\">\n<h3>Sleep mode automatico<\/h3>\n<div class=\"rich-text\">\n<p>Spegnimento automatico dopo 30 minuti di inattivit\u00e0.<\/p>\n<\/div>\n<\/div>\n<\/div>\n<div class=\"product-details-item ng-star-inserted\">\n<div class=\"product-details-thumb ng-star-inserted\"><picture class=\"ng-star-inserted\"><source srcset=\"https:\/\/media.ghdhair.com\/images\/product\/663_PDP_Feature_Image_8_Global.jpg?v=1715853452953&amp;impolicy=ProductDetailsImage\" media=\"(min-width: 1024px)\" \/><img decoding=\"async\" src=\"https:\/\/media.ghdhair.com\/images\/product\/663_PDP_Feature_Image_8_Global.jpg?v=1715853452953&amp;impolicy=ProductDetailsImage\" alt=\"\" \/><\/picture><\/div>\n<div class=\"product-details-info\">\n<h3>Styling duraturi<\/h3>\n<div class=\"rich-text\">\n<p>Risultati che durano fino a 24 ore con 50% di maggiore resistenza all&#8217;umidit\u00e0\u2077.<\/p>\n<\/div>\n<\/div>\n<\/div>\n<div class=\"product-details-item ng-star-inserted\">\n<div class=\"product-details-thumb ng-star-inserted\"><picture class=\"ng-star-inserted\"><source srcset=\"https:\/\/media.ghdhair.com\/images\/product\/26warranty_Feature_Image_IT.png?v=1718359542629&amp;impolicy=ProductDetailsImage\" media=\"(min-width: 1024px)\" \/><img decoding=\"async\" src=\"https:\/\/media.ghdhair.com\/images\/product\/26warranty_Feature_Image_IT.png?v=1718359542629&amp;impolicy=ProductDetailsImage\" alt=\"\" \/><\/picture><\/div>\n<div class=\"product-details-info\">\n<h3>26 mesi di garanzia<\/h3>\n<div class=\"rich-text\">\n<p>La nuova ghd duet blowdry \u00e8 stata rigorosamente testata per garantire la massima affidabilit\u00e0 nella qualit\u00e0. \u00c8 stato effettuato un full life test, incluso un test di caduta, che ci consente di fornire una garanzia completa di 26 mesi.<\/p>\n<\/div>\n<\/div>\n<\/div>\n<div class=\"product-details-item ng-star-inserted\">\n<div class=\"product-details-thumb ng-star-inserted\"><picture class=\"ng-star-inserted\"><source srcset=\"https:\/\/media.ghdhair.com\/images\/product\/663_PDP_Feature_Image_10_Global.jpg?v=1715853494067&amp;impolicy=ProductDetailsImage\" media=\"(min-width: 1024px)\" \/><img decoding=\"async\" src=\"https:\/\/media.ghdhair.com\/images\/product\/663_PDP_Feature_Image_10_Global.jpg?v=1715853494067&amp;impolicy=ProductDetailsImage\" alt=\"\" \/><\/picture><\/div>\n<div class=\"product-details-info\">\n<h3>Pochette termoresistente inclusa<\/h3>\n<div class=\"rich-text\">\n<p>Consente di riporre in modo sicuro il prodotto, anche subito dopo l&#8217;uso.<\/p>\n<\/div>\n<\/div>\n<\/div>\n<div class=\"product-details-item ng-star-inserted\">\n<div class=\"product-details-thumb ng-star-inserted\"><picture class=\"ng-star-inserted\"><source srcset=\"https:\/\/media.ghdhair.com\/images\/product\/663_PDP_Feature_Image_11_Global.jpg?v=1715931256826&amp;impolicy=ProductDetailsImage\" media=\"(min-width: 1024px)\" \/><img decoding=\"async\" src=\"https:\/\/media.ghdhair.com\/images\/product\/663_PDP_Feature_Image_11_Global.jpg?v=1715931256826&amp;impolicy=ProductDetailsImage\" alt=\"\" \/><\/picture><\/div>\n<div class=\"product-details-info\">\n<h3>Pettinino per le setole incluso<\/h3>\n<div class=\"rich-text\">\n<p>Ottieni il massimo dal tuo nuovo tool con il pratico pettinino per la pulizia &#8211; incluso.<\/p>\n<\/div>\n<\/div>\n<\/div>\n<\/div>\n<div class=\"product-features-wrap\">\n<div class=\"product-features-banner ng-star-inserted\">\n<div class=\"full-media-banner-main-container DARK PX5 ng-star-inserted\">\n<div class=\"full-media-banner-media-container RIGHT\"><picture class=\"ng-star-inserted\"><source srcset=\"https:\/\/media.ghdhair.com\/images\/product\/663_PDP_TechBanner_Duet_Blowdry_GIF_Left_1_Global.gif?v=1715852949346&amp;impolicy=FullMediaBannerDesktop\" media=\"(min-width: 1024px)\" \/><img decoding=\"async\" class=\"full-media-banner-image\" src=\"https:\/\/media.ghdhair.com\/images\/product\/663_PDP_TechBanner_Duet_Blowdry_GIF_Left_1_Global.gif?v=1715852949346&amp;impolicy=FullMediaBannerRight\" alt=\"\" \/><\/picture><\/div>\n<div class=\"full-media-banner-text-container RIGHT\">\n<div class=\"ng-star-inserted\">\n<h2 class=\"full-media-banner-headline ng-star-inserted\">TECNOLOGIA HEAT-AIR XCHANGE\u2122<\/h2>\n<\/div>\n<div class=\"full-media-banner-content rich-text DARK ng-star-inserted\">\n<p><strong>STYLING AD ALTE PRESTAZIONI SENZA DANNI DA CALORE<\/strong><\/p>\n<p>La tecnologia Heat-Air Xchange\u2122 \u00e8 un sistema aerodinamico unico che converte l&#8217;energia dal flusso d&#8217;aria per riscaldare attivamente la piastra del fusto e le setole lisce. Questo modo efficiente di asciugare e mettere in piega i capelli d\u00e0 risultati lussuosamente voluminosi senza danni da calore\u00b9.<\/p>\n<\/div>\n<\/div>\n<\/div>\n<\/div>\n<div class=\"product-features-banner ng-star-inserted\">\n<div class=\"full-media-banner-main-container DARK PX5 ng-star-inserted\">\n<div class=\"full-media-banner-media-container LEFT\"><picture class=\"ng-star-inserted\"><source srcset=\"https:\/\/media.ghdhair.com\/images\/product\/PDP_TechBanner_DuetBlowdry_2dwh_it.png?v=1720703335565&amp;impolicy=FullMediaBannerDesktop\" media=\"(min-width: 1024px)\" \/><img decoding=\"async\" class=\"full-media-banner-image\" src=\"https:\/\/media.ghdhair.com\/images\/product\/PDP_TechBanner_DuetBlowdry_2dwh_it.png?v=1720703335565&amp;impolicy=FullMediaBannerLeft\" alt=\"\" \/><\/picture><\/div>\n<div class=\"full-media-banner-text-container LEFT\">\n<div class=\"ng-star-inserted\">\n<h2 class=\"full-media-banner-headline ng-star-inserted\">PIASTRA CILINDRICA &amp; SETOLE LISCE RISCALDATE<\/h2>\n<\/div>\n<div class=\"full-media-banner-content rich-text DARK ng-star-inserted\">\n<p><strong>3X PI\u00d9 VOLUME\u00b2, SENZA EFFETTO CRESPO E PI\u00d9 LUCENTEZZA\u00b3\u00a0<\/strong><br \/>\nPiastra a forma ellittica che aiuta a lisciare e dare forma ai capelli mantenendo, da bagnati ad asciutti, la temperatura ottimale di styling di 120\u00baC per un&#8217;omogenea trasmissione del calore dalle radici alle punte. Le setole lisce riscaldate consentono di scorrere agilmente e senza aggrovigliamenti o rotture, migliorando la lucentezza naturale dei capelli.<\/p>\n<\/div>\n<\/div>\n<\/div>\n<\/div>\n<div class=\"product-features-banner ng-star-inserted\">\n<div class=\"full-media-banner-main-container DARK PX5 ng-star-inserted\">\n<div class=\"full-media-banner-media-container RIGHT\"><picture class=\"ng-star-inserted\"><source srcset=\"https:\/\/media.ghdhair.com\/images\/product\/663_PDP_TechBanner_DuetBlowdry_3_Global.jpg?v=1715853062912&amp;impolicy=FullMediaBannerDesktop\" media=\"(min-width: 1024px)\" \/><img decoding=\"async\" class=\"full-media-banner-image\" src=\"https:\/\/media.ghdhair.com\/images\/product\/663_PDP_TechBanner_DuetBlowdry_3_Global.jpg?v=1715853062912&amp;impolicy=FullMediaBannerRight\" alt=\"\" \/><\/picture><\/div>\n<div class=\"full-media-banner-text-container RIGHT\">\n<div class=\"ng-star-inserted\">\n<h2 class=\"full-media-banner-headline ng-star-inserted\">SENSORI DI TEMPERATURA<\/h2>\n<\/div>\n<div class=\"full-media-banner-content rich-text DARK ng-star-inserted\">\n<p><strong>FINISH IMPECCABILE, SENZA BABYHAIR<\/strong><br \/>\nI 2 sensori di calore che monitorano la temperatura superficiale 400x volte al secondo sono posizionati sui lati opposti della piastra ellittica per garantire che la temperatura ottimale di styling sia mantenuta attraverso il fusto e le setole.<\/p>\n<\/div>\n<\/div>\n<\/div>\n<\/div>\n<div class=\"product-features-banner ng-star-inserted\">\n<div class=\"full-media-banner-main-container DARK PX5 ng-star-inserted\">\n<div class=\"full-media-banner-media-container LEFT\"><picture class=\"ng-star-inserted\"><source srcset=\"https:\/\/media.ghdhair.com\/images\/product\/663_PDP_TechBanner_DuetBlowdry_4_Global.jpg?v=1715853100503&amp;impolicy=FullMediaBannerDesktop\" media=\"(min-width: 1024px)\" \/><img decoding=\"async\" class=\"full-media-banner-image\" src=\"https:\/\/media.ghdhair.com\/images\/product\/663_PDP_TechBanner_DuetBlowdry_4_Global.jpg?v=1715853100503&amp;impolicy=FullMediaBannerLeft\" alt=\"\" \/><\/picture><\/div>\n<div class=\"full-media-banner-text-container LEFT\">\n<div class=\"ng-star-inserted\">\n<h2 class=\"full-media-banner-headline ng-star-inserted\">FLUSSO D&#8217;ARIA CONTROLLATO<\/h2>\n<\/div>\n<div class=\"full-media-banner-content rich-text DARK ng-star-inserted\">\n<p><strong>PER UNO STYLING SENZA SFORZO<\/strong><br \/>\nCon un potente motore digitale brushless ultra-compatto, il flusso d&#8217;aria viene costantemente spinto attraverso il riscaldatore con un basso livello di rumorosit\u00e0 e le prese d&#8217;aria posizionate con precisione sul fusto permettono di asciugare delicatamente i capelli per un finish senza babyhair.<\/p>\n<\/div>\n<\/div>\n<\/div>\n<\/div>\n<div class=\"product-features-banner ng-star-inserted\">\n<div class=\"video-banner-main-container DARK PX5 ng-star-inserted\">\n<div class=\"video-banner-text-container BOTTOM ng-star-inserted\">\n<h2 class=\"video-banner-heading ng-star-inserted\">INNOVAZIONE BLOWDRY<\/h2>\n<div class=\"video-banner-body rich-text ng-star-inserted\">\n<p>ghd continua ad innovare la tecnologia wet to dry nel mondo tech-beauty con ghd duet blow dry. \u00a0prima spazzola asciugacapelli 2-in-1.<\/p>\n<\/div>\n<\/div>\n<div class=\"video-banner-media-container\"><video class=\"video-component video-banner-video ng-star-inserted\" preload=\"metadata\" controls=\"controls\" width=\"300\" height=\"150\"><source src=\"https:\/\/media.ghdhair.com\/videos\/product\/DuetBlowdry24_TechVideo_90sec_16x9_it.mp4?v=1718352318657#t=0.1\" type=\"video\/mp4\" \/><\/video><\/div>\n<\/div>\n<\/div>\n<div class=\"product-features-banner ng-star-inserted\">\n<div class=\"full-media-banner-main-container DARK PX5 ng-star-inserted\">\n<div class=\"full-media-banner-media-container RIGHT\"><picture class=\"ng-star-inserted\"><source srcset=\"https:\/\/media.ghdhair.com\/images\/product\/663_PDP_TechBanner_DuetBlowdry_5_Global.jpg?v=1715853172300&amp;impolicy=FullMediaBannerDesktop\" media=\"(min-width: 1024px)\" \/><img decoding=\"async\" class=\"full-media-banner-image\" src=\"https:\/\/media.ghdhair.com\/images\/product\/663_PDP_TechBanner_DuetBlowdry_5_Global.jpg?v=1715853172300&amp;impolicy=FullMediaBannerRight\" alt=\"\" \/><\/picture><\/div>\n<div class=\"full-media-banner-text-container RIGHT\">\n<div class=\"ng-star-inserted\">\n<h2 class=\"full-media-banner-headline ng-star-inserted\">LA MIGLIOR ASCIUGATURA DELLA TUA VITA<\/h2>\n<\/div>\n<div class=\"full-media-banner-content rich-text DARK ng-star-inserted\">\n<p><strong>PER STYLING CHE DURANO 24 ORE<\/strong><br \/>\nDa bagnati a piega voluminosa con 3x pi\u00f9 volume\u00b2, \u00a050% pi\u00f9 lucentezza\u00b3, e senza crespo , ghd duet blowdry ti permette di creare con sicurezza i tuoi look preferiti che durano 24 ore.<\/p>\n<\/div>\n<\/div>\n<\/div>\n<\/div>\n<div class=\"product-features-banner ng-star-inserted\">\n<div class=\"full-media-banner-main-container DARK PX5 ng-star-inserted\">\n<div class=\"full-media-banner-text-container RIGHT\">\n<div class=\"ng-star-inserted\">\n<h2 class=\"full-media-banner-headline ng-star-inserted\"><\/h2>\n<\/div>\n<\/div>\n<\/div>\n<\/div>\n<\/div>\n","protected":false},"excerpt":{"rendered":"<p>envenuti nel futuro dello styling con\u00a0ghd duet blowdry\u00a0&#8211; la nostra rivoluzionaria\u00a0spazzola asciugacapelli 2-in-1\u00a0progettata per trasformare la tua routine di styling. D\u00ec addio a lunghe sessioni di asciugatura e dai il benvenuto ad asciugature senza sforzo nel comfort di casa tua. Con ghd duet blowdry puoi asciugare e creare pieghe voluminose contemporaneamente, grazie al suo motore<\/p>\n","protected":false},"featured_media":4935,"template":"","meta":[],"product_cat":[49],"product_tag":[],"class_list":{"0":"post-4928","1":"product","2":"type-product","3":"status-publish","4":"has-post-thumbnail","6":"product_cat-spazzola-ghd","8":"first","9":"instock","10":"sold-individually","11":"shipping-taxable","12":"purchasable","13":"product-type-simple"},"aioseo_notices":[],"_links":{"self":[{"href":"https:\/\/manidiforbici.it\/salone-pesaro\/wp-json\/wp\/v2\/product\/4928","targetHints":{"allow":["GET"]}}],"collection":[{"href":"https:\/\/manidiforbici.it\/salone-pesaro\/wp-json\/wp\/v2\/product"}],"about":[{"href":"https:\/\/manidiforbici.it\/salone-pesaro\/wp-json\/wp\/v2\/types\/product"}],"wp:featuredmedia":[{"embeddable":true,"href":"https:\/\/manidiforbici.it\/salone-pesaro\/wp-json\/wp\/v2\/media\/4935"}],"wp:attachment":[{"href":"https:\/\/manidiforbici.it\/salone-pesaro\/wp-json\/wp\/v2\/media?parent=4928"}],"wp:term":[{"taxonomy":"product_cat","embeddable":true,"href":"https:\/\/manidiforbici.it\/salone-pesaro\/wp-json\/wp\/v2\/product_cat?post=4928"},{"taxonomy":"product_tag","embeddable":true,"href":"https:\/\/manidiforbici.it\/salone-pesaro\/wp-json\/wp\/v2\/product_tag?post=4928"}],"curies":[{"name":"wp","href":"https:\/\/api.w.org\/{rel}","templated":true}]}}