{"id":5064,"date":"2025-05-13T21:33:42","date_gmt":"2025-05-13T20:33:42","guid":{"rendered":"https:\/\/manidiforbici.it\/salone-pesaro\/?post_type=product&#038;p=5064"},"modified":"2026-04-16T01:50:11","modified_gmt":"2026-04-16T00:50:11","slug":"ghd-chronos-styler-piastra-per-capelli-nera-lamelle-26mm","status":"publish","type":"product","link":"https:\/\/manidiforbici.it\/salone-pesaro\/product\/ghd-chronos-styler-piastra-per-capelli-nera-lamelle-26mm\/","title":{"rendered":"GHD CHRONOS STYLER &#8211; PIASTRA PER CAPELLI NERA (LAMELLE 26MM)"},"content":{"rendered":"<div class=\"product-details-wrap\">\n<div class=\"product-details-item ng-star-inserted\">\n<div class=\"product-details-thumb ng-star-inserted\"><app-ghd-picture><picture class=\"ng-star-inserted\"><source srcset=\"https:\/\/media.ghdhair.com\/images\/product\/650_Feature_Image_1_Global.jpg?v=1698764763606&amp;impolicy=ProductDetailsImage\" media=\"(min-width: 1024px)\"><img decoding=\"async\" ghdimagepolicy=\"\" _nghost-ng-c3505905901=\"\" loading=\"eager\" alt=\"\" src=\"https:\/\/media.ghdhair.com\/images\/product\/650_Feature_Image_1_Global.jpg?v=1698764763606&amp;impolicy=ProductDetailsImage\"><\/picture><!----><!----><\/app-ghd-picture><\/div>\n<p><!----><\/p>\n<div class=\"product-details-info\">\n<h3>Tecnologia HD motion-responsive\u2122<\/h3>\n<div class=\"rich-text\">\n<p>Reagisce al tuo movimento di styling con 2x pi\u00f9 reattivit\u00e0 e intelligenza per una performance ultra-veloce.<\/p>\n<\/div>\n<\/div>\n<\/div>\n<div class=\"product-details-item ng-star-inserted\">\n<div class=\"product-details-thumb ng-star-inserted\"><app-ghd-picture><picture class=\"ng-star-inserted\"><source srcset=\"https:\/\/media.ghdhair.com\/images\/product\/650_Feature_Image_2_Global.jpg?v=1698764852429&amp;impolicy=ProductDetailsImage\" media=\"(min-width: 1024px)\"><img decoding=\"async\" ghdimagepolicy=\"\" _nghost-ng-c3505905901=\"\" loading=\"eager\" alt=\"\" src=\"https:\/\/media.ghdhair.com\/images\/product\/650_Feature_Image_2_Global.jpg?v=1698764852429&amp;impolicy=ProductDetailsImage\"><\/picture><!----><!----><\/app-ghd-picture><\/div>\n<p><!----><\/p>\n<div class=\"product-details-info\">\n<h3>elementi in ceramica di ultima generazione<\/h3>\n<div class=\"rich-text\">\n<p>Garantisce la temperatura ottimale di styling sulle lamelle per risultati ottimali.<\/p>\n<\/div>\n<\/div>\n<\/div>\n<div class=\"product-details-item ng-star-inserted\">\n<div class=\"product-details-thumb ng-star-inserted\"><app-ghd-picture><picture class=\"ng-star-inserted\"><source srcset=\"https:\/\/media.ghdhair.com\/images\/product\/650_Feature_Image_3_Global.jpg?v=1698764925648&amp;impolicy=ProductDetailsImage\" media=\"(min-width: 1024px)\"><img decoding=\"async\" ghdimagepolicy=\"\" _nghost-ng-c3505905901=\"\" loading=\"eager\" alt=\"\" src=\"https:\/\/media.ghdhair.com\/images\/product\/650_Feature_Image_3_Global.jpg?v=1698764925648&amp;impolicy=ProductDetailsImage\"><\/picture><!----><!----><\/app-ghd-picture><\/div>\n<p><!----><\/p>\n<div class=\"product-details-info\">\n<h3>Nuovo design ergonomico<\/h3>\n<div class=\"rich-text\">\n<p>Maggiore movimento e controllo per uno styling facilitato.<\/p>\n<\/div>\n<\/div>\n<\/div>\n<div class=\"product-details-item ng-star-inserted\">\n<div class=\"product-details-thumb ng-star-inserted\"><app-ghd-picture><picture class=\"ng-star-inserted\"><source srcset=\"https:\/\/media.ghdhair.com\/images\/product\/Feature_Image_4_IT.jpg?v=1705308751617&amp;impolicy=ProductDetailsImage\" media=\"(min-width: 1024px)\"><img decoding=\"async\" ghdimagepolicy=\"\" _nghost-ng-c3505905901=\"\" loading=\"eager\" alt=\"\" src=\"https:\/\/media.ghdhair.com\/images\/product\/Feature_Image_4_IT.jpg?v=1705308751617&amp;impolicy=ProductDetailsImage\"><\/picture><!----><!----><\/app-ghd-picture><\/div>\n<p><!----><\/p>\n<div class=\"product-details-info\">\n<h3>Lamelle riscaldanti veloci con rivestimento ultra-gloss<\/h3>\n<div class=\"rich-text\">\n<p>Scivola agilmente e senza sforzo tra i capelli per un finish fino all&#8217;85% pi\u00f9 luminoso^.<\/p>\n<p>^Test tecnici in laboratorio su capelli scuri, rispetto a capelli asciugati naturalmente.<\/p>\n<\/div>\n<\/div>\n<\/div>\n<div class=\"product-details-item ng-star-inserted\">\n<div class=\"product-details-thumb ng-star-inserted\"><app-ghd-picture><picture class=\"ng-star-inserted\"><source srcset=\"https:\/\/media.ghdhair.com\/images\/product\/650_Feature_Image_5_Global.jpg?v=1698765125410&amp;impolicy=ProductDetailsImage\" media=\"(min-width: 1024px)\"><img decoding=\"async\" ghdimagepolicy=\"\" _nghost-ng-c3505905901=\"\" loading=\"eager\" alt=\"\" src=\"https:\/\/media.ghdhair.com\/images\/product\/650_Feature_Image_5_Global.jpg?v=1698765125410&amp;impolicy=ProductDetailsImage\"><\/picture><!----><!----><\/app-ghd-picture><\/div>\n<p><!----><\/p>\n<div class=\"product-details-info\">\n<h3>Interfaccia utente moderna aggiornata con anello luminoso &amp; riscaldamento veloce<\/h3>\n<div class=\"rich-text\">\n<p>Pronta all&#8217;utilizzo in 20 secondi con un nuovo design moderno.<\/p>\n<\/div>\n<\/div>\n<\/div>\n<div class=\"product-details-item ng-star-inserted\">\n<div class=\"product-details-thumb ng-star-inserted\"><app-ghd-picture><picture class=\"ng-star-inserted\"><source srcset=\"https:\/\/media.ghdhair.com\/images\/product\/650_Feature_Image_6_Global.jpg?v=1698765178927&amp;impolicy=ProductDetailsImage\" media=\"(min-width: 1024px)\"><img decoding=\"async\" ghdimagepolicy=\"\" _nghost-ng-c3505905901=\"\" loading=\"eager\" alt=\"\" src=\"https:\/\/media.ghdhair.com\/images\/product\/650_Feature_Image_6_Global.jpg?v=1698765178927&amp;impolicy=ProductDetailsImage\"><\/picture><!----><!----><\/app-ghd-picture><\/div>\n<p><!----><\/p>\n<div class=\"product-details-info\">\n<h3>Sistema a due braccia rinnovato<\/h3>\n<div class=\"rich-text\">\n<p>Consente un maggiore controllo di styling, mantenendo in perfetto allineamento le lamelle per scivolare tra i capelli senza sforzo.<\/p>\n<\/div>\n<\/div>\n<\/div>\n<div class=\"product-details-item ng-star-inserted\">\n<div class=\"product-details-thumb ng-star-inserted\"><app-ghd-picture><picture class=\"ng-star-inserted\"><source srcset=\"https:\/\/media.ghdhair.com\/images\/product\/453_Feature_Image_5IT.jpg?v=1625558064810&amp;impolicy=ProductDetailsImage\" media=\"(min-width: 1024px)\"><img decoding=\"async\" ghdimagepolicy=\"\" _nghost-ng-c3505905901=\"\" loading=\"eager\" alt=\"Temperatura di styling 185\u00b0C\" src=\"https:\/\/media.ghdhair.com\/images\/product\/453_Feature_Image_5IT.jpg?v=1625558064810&amp;impolicy=ProductDetailsImage\"><\/picture><!----><!----><\/app-ghd-picture><\/div>\n<p><!----><\/p>\n<div class=\"product-details-info\">\n<h3>Temperatura ottimale di styling di 185\u00b0C<\/h3>\n<div class=\"rich-text\">\n<p>Temperature pi\u00f9 alte danneggerebbero il capello, pi\u00f9 basse comprometterebbero il tuo look.<\/p>\n<\/div>\n<\/div>\n<\/div>\n<div class=\"product-details-item ng-star-inserted\">\n<div class=\"product-details-thumb ng-star-inserted\"><app-ghd-picture><picture class=\"ng-star-inserted\"><source srcset=\"https:\/\/media.ghdhair.com\/images\/product\/650_Feature_Image_8_Global.jpg?v=1698765386999&amp;impolicy=ProductDetailsImage\" media=\"(min-width: 1024px)\"><img decoding=\"async\" ghdimagepolicy=\"\" _nghost-ng-c3505905901=\"\" loading=\"eager\" alt=\"\" src=\"https:\/\/media.ghdhair.com\/images\/product\/650_Feature_Image_8_Global.jpg?v=1698765386999&amp;impolicy=ProductDetailsImage\"><\/picture><!----><!----><\/app-ghd-picture><\/div>\n<p><!----><\/p>\n<div class=\"product-details-info\">\n<h3>Cavo girevole di 2.7m<\/h3>\n<div class=\"rich-text\">\n<p>Cavo professionale per un maggior comfort durante lo styling ovunque ti trovi.<\/p>\n<\/div>\n<\/div>\n<\/div>\n<div class=\"product-details-item ng-star-inserted\">\n<div class=\"product-details-thumb ng-star-inserted\"><app-ghd-picture><picture class=\"ng-star-inserted\"><source srcset=\"https:\/\/media.ghdhair.com\/images\/product\/642_Feature_Image_10_Platinum+_IT-(1).jpg?v=1695722981529&amp;impolicy=ProductDetailsImage\" media=\"(min-width: 1024px)\"><img decoding=\"async\" ghdimagepolicy=\"\" _nghost-ng-c3505905901=\"\" loading=\"eager\" alt=\"\" src=\"https:\/\/media.ghdhair.com\/images\/product\/642_Feature_Image_10_Platinum+_IT-(1).jpg?v=1695722981529&amp;impolicy=ProductDetailsImage\"><\/picture><!----><!----><\/app-ghd-picture><\/div>\n<p><!----><\/p>\n<div class=\"product-details-info\">\n<h3>38 mesi di garanzia<\/h3>\n<div class=\"rich-text\">\n<p>Questo prodotto \u00e8 coperto da un&#8217;assicurazione valida 38 mesi. Per saperne di pi\u00f9, visita la pagina dedicata sul nostro sito.<\/p>\n<\/div>\n<\/div>\n<\/div>\n<div class=\"product-details-item ng-star-inserted\">\n<div class=\"product-details-thumb ng-star-inserted\"><app-ghd-picture><picture class=\"ng-star-inserted\"><source srcset=\"https:\/\/media.ghdhair.com\/images\/product\/650_Feature_Image_10_black.jpg?v=1703157950807&amp;impolicy=ProductDetailsImage\" media=\"(min-width: 1024px)\"><img decoding=\"async\" ghdimagepolicy=\"\" _nghost-ng-c3505905901=\"\" loading=\"eager\" alt=\"\" src=\"https:\/\/media.ghdhair.com\/images\/product\/650_Feature_Image_10_black.jpg?v=1703157950807&amp;impolicy=ProductDetailsImage\"><\/picture><!----><!----><\/app-ghd-picture><\/div>\n<p><!----><\/p>\n<div class=\"product-details-info\">\n<h3>Sleep mode automatico<\/h3>\n<div class=\"rich-text\">\n<p>Chronos si spegne automaticamente dopo 10 minuti di inattivit\u00e0, per la massima tranquillit\u00e0 di styling ed efficenza energetica.<\/p>\n<\/div>\n<\/div>\n<\/div>\n<div class=\"product-details-item ng-star-inserted\">\n<div class=\"product-details-thumb ng-star-inserted\"><app-ghd-picture><picture class=\"ng-star-inserted\"><source srcset=\"https:\/\/media.ghdhair.com\/images\/product\/650-Feature-image-11-IT.png?v=1704969432424&amp;impolicy=ProductDetailsImage\" media=\"(min-width: 1024px)\"><img decoding=\"async\" ghdimagepolicy=\"\" _nghost-ng-c3505905901=\"\" loading=\"eager\" alt=\"\" src=\"https:\/\/media.ghdhair.com\/images\/product\/650-Feature-image-11-IT.png?v=1704969432424&amp;impolicy=ProductDetailsImage\"><\/picture><!----><!----><\/app-ghd-picture><\/div>\n<p><!----><\/p>\n<div class=\"product-details-info\">\n<h3>Crea styling che durano 24 ore<\/h3>\n<div class=\"rich-text\">\n<p>Per risultati ad alta definizione e a lunga durata puoi fidarti di ghd.<\/p>\n<\/div>\n<\/div>\n<\/div>\n<p><!----><\/div>\n<div class=\"product-features-wrap\">\n<div class=\"product-features-banner ng-star-inserted\"><!----><app-ghd-video-banner class=\"ng-star-inserted\"><\/p>\n<div class=\"video-banner-main-container DARK PX5 ng-star-inserted\">\n<div class=\"video-banner-text-container BOTTOM ng-star-inserted\">\n<h2 class=\"video-banner-heading ng-star-inserted\"> CREATA PRESSO I NOSTRI BEAUTY TECH HUB <\/h2>\n<p><!----><\/p>\n<div class=\"video-banner-body rich-text ng-star-inserted\">\n<p><em>&#8220;ghd chronos \u00e8 cos\u00ec speciale perch\u00e8 rappresenta l&#8217;apice di 22 anni di ricerca e perfezionamento dell&#8217;utilizzo del calore per realizzare una piega sui capelli&#8221;<\/em> &#8211; Rob Milner, Chief Technology Officer<\/p>\n<\/div>\n<p><!----><!----><!----><\/div>\n<p><!----><\/p>\n<div class=\"video-banner-media-container\"><app-ghd-video class=\"video-banner-video ng-star-inserted\"><video controls=\"\" class=\"video-component video-banner-video ng-star-inserted\" preload=\"metadata\"><source src=\"https:\/\/media.ghdhair.com\/videos\/product\/Chronos24_CambridgeVideo_ITA.mp4?v=1705313949655#t=0.1\" type=\"video\/mp4\"><\/video><!----><!----><!----><!----><!----><!----><\/app-ghd-video><!----><\/div>\n<\/div>\n<p><!----><\/app-ghd-video-banner><!----><\/div>\n<div class=\"product-features-banner ng-star-inserted\"><app-ghd-full-media-banner class=\"ng-star-inserted\"><\/p>\n<div appghdclickable=\"\" class=\"full-media-banner-main-container DARK PX5 ng-star-inserted\">\n<div class=\"full-media-banner-media-container RIGHT\"><app-ghd-picture class=\"full-media-banner-image ng-star-inserted\"><picture class=\"ng-star-inserted\"><source srcset=\"https:\/\/media.ghdhair.com\/images\/product\/650_PDP_TechBanner_1_Global.jpg?v=1698763893234&amp;impolicy=FullMediaBannerDesktop\" media=\"(min-width: 1024px)\"><img decoding=\"async\" ghdimagepolicy=\"\" _nghost-ng-c3505905901=\"\" loading=\"eager\" alt=\"\" src=\"https:\/\/media.ghdhair.com\/images\/product\/650_PDP_TechBanner_1_Global.jpg?v=1698763893234&amp;impolicy=FullMediaBannerRight\" class=\"full-media-banner-image\"><\/picture><!----><!----><\/app-ghd-picture><!----><!----><\/div>\n<div class=\"full-media-banner-text-container RIGHT\"><!----><!----><\/p>\n<div class=\"ng-star-inserted\">\n<h2 class=\"full-media-banner-headline ng-star-inserted\"> TECNOLOGIA HD MOTION-RESPONSIVE\u2122 <\/h2>\n<p><!----><\/div>\n<p><!----><\/p>\n<div class=\"full-media-banner-content rich-text DARK ng-star-inserted\">\n<p>Piastra per capelli 2x pi\u00f9 reattiva\u00b9&nbsp; con un accurato monitoraggio del calore che mantiene la temperatura ottimale di styling di 185\u00b0C per prestazioni premium.<\/p>\n<\/div>\n<p><!----><!----><!----><\/div>\n<\/div>\n<p><!----><\/app-ghd-full-media-banner><!----><!----><\/div>\n<div class=\"product-features-banner ng-star-inserted\"><app-ghd-full-media-banner class=\"ng-star-inserted\"><\/p>\n<div appghdclickable=\"\" class=\"full-media-banner-main-container DARK PX5 ng-star-inserted\">\n<div class=\"full-media-banner-media-container LEFT\"><app-ghd-picture class=\"full-media-banner-image ng-star-inserted\"><picture class=\"ng-star-inserted\"><source srcset=\"https:\/\/media.ghdhair.com\/images\/product\/650_PDP_TechBanner_BlackChronos_2_IT.jpg?v=1705307595146&amp;impolicy=FullMediaBannerDesktop\" media=\"(min-width: 1024px)\"><img decoding=\"async\" ghdimagepolicy=\"\" _nghost-ng-c3505905901=\"\" loading=\"eager\" alt=\"\" src=\"https:\/\/media.ghdhair.com\/images\/product\/650_PDP_TechBanner_BlackChronos_2_IT.jpg?v=1705307595146&amp;impolicy=FullMediaBannerLeft\" class=\"full-media-banner-image\"><\/picture><!----><!----><\/app-ghd-picture><!----><!----><\/div>\n<div class=\"full-media-banner-text-container LEFT\"><!----><!----><\/p>\n<div class=\"ng-star-inserted\">\n<h2 class=\"full-media-banner-headline ng-star-inserted\"> STYLING PERFETTO PER 24 ORE <\/h2>\n<p><!----><\/div>\n<p><!----><\/p>\n<div class=\"full-media-banner-content rich-text DARK ng-star-inserted\">\n<p>Styling 3x volte pi\u00f9 veloce\u2077 e fino all&#8217;85% di luminosit\u00e0 in pi\u00f9\u2075 grazie alle lamelle in ceramica con rivestimento ultra-gloss che permettono di scivolare facilmente tra i capelli e uno styling perfetto in una sola passata che dura 24 ore\u00b2.<\/p>\n<\/div>\n<p><!----><!----><!----><\/div>\n<\/div>\n<p><!----><\/app-ghd-full-media-banner><!----><!----><\/div>\n<div class=\"product-features-banner ng-star-inserted\"><app-ghd-full-media-banner class=\"ng-star-inserted\"><\/p>\n<div appghdclickable=\"\" class=\"full-media-banner-main-container DARK PX5 ng-star-inserted\">\n<div class=\"full-media-banner-media-container RIGHT\"><app-ghd-picture class=\"full-media-banner-image ng-star-inserted\"><picture class=\"ng-star-inserted\"><source srcset=\"https:\/\/media.ghdhair.com\/images\/product\/650_PDP_TechBanner_3_IT.jpg?v=1705307768343&amp;impolicy=FullMediaBannerDesktop\" media=\"(min-width: 1024px)\"><img decoding=\"async\" ghdimagepolicy=\"\" _nghost-ng-c3505905901=\"\" loading=\"eager\" alt=\"\" src=\"https:\/\/media.ghdhair.com\/images\/product\/650_PDP_TechBanner_3_IT.jpg?v=1705307768343&amp;impolicy=FullMediaBannerRight\" class=\"full-media-banner-image\"><\/picture><!----><!----><\/app-ghd-picture><!----><!----><\/div>\n<div class=\"full-media-banner-text-container RIGHT\"><!----><!----><\/p>\n<div class=\"ng-star-inserted\">\n<h2 class=\"full-media-banner-headline ng-star-inserted\"> RISULTATI AD ALTA DEFINIZIONE <\/h2>\n<p><!----><\/div>\n<p><!----><\/p>\n<div class=\"full-media-banner-content rich-text DARK ng-star-inserted\">\n<p>Un nuovo sistema a due braccia che permette di realizzare onde e ricci ben definiti.<\/p>\n<\/div>\n<p><!----><!----><!----><\/div>\n<\/div>\n<p><!----><\/app-ghd-full-media-banner><!----><!----><\/div>\n<div class=\"product-features-banner ng-star-inserted\"><!----><app-ghd-video-banner class=\"ng-star-inserted\"><\/p>\n<div class=\"video-banner-main-container DARK PX5 ng-star-inserted\">\n<div class=\"video-banner-text-container BOTTOM ng-star-inserted\">\n<h2 class=\"video-banner-heading ng-star-inserted\"> IN GHD WE TRUST <\/h2>\n<p><!----><\/p>\n<div class=\"video-banner-body rich-text ng-star-inserted\"><\/div>\n<p><!----><!----><!----><\/div>\n<p><!----><\/p>\n<div class=\"video-banner-media-container\"><app-ghd-video class=\"video-banner-video ng-star-inserted\"><video controls=\"\" class=\"video-component video-banner-video ng-star-inserted\" preload=\"metadata\"><source src=\"https:\/\/media.ghdhair.com\/videos\/product\/Chronos24_MainCampaignVideo_30s_16.9_ITA.mp4?v=1706001263971#t=0.1\" type=\"video\/mp4\"><\/video><!----><!----><!----><!----><!----><!----><\/app-ghd-video><!----><\/div>\n<\/div>\n<p><!----><\/app-ghd-video-banner><!----><\/div>\n<div class=\"product-features-banner ng-star-inserted\"><app-ghd-full-media-banner class=\"ng-star-inserted\"><\/p>\n<div appghdclickable=\"\" class=\"full-media-banner-main-container DARK PX5 ng-star-inserted\">\n<div class=\"full-media-banner-media-container RIGHT\"><app-ghd-picture class=\"full-media-banner-image ng-star-inserted\"><picture class=\"ng-star-inserted\"><source srcset=\"https:\/\/media.ghdhair.com\/images\/product\/650_PDP_TechBanner_Chronos_ChronosMax_Black_Text_Right_it.jpg?v=1739971715116&amp;impolicy=FullMediaBannerDesktop\" media=\"(min-width: 1024px)\"><img decoding=\"async\" ghdimagepolicy=\"\" _nghost-ng-c3505905901=\"\" loading=\"eager\" alt=\"\" src=\"https:\/\/media.ghdhair.com\/images\/product\/650_PDP_TechBanner_Chronos_ChronosMax_Black_Text_Right_it.jpg?v=1739971715116&amp;impolicy=FullMediaBannerRight\" class=\"full-media-banner-image\"><\/picture><!----><!----><\/app-ghd-picture><!----><!----><\/div>\n<div class=\"full-media-banner-text-container RIGHT\"><!----><!----><\/p>\n<div class=\"ng-star-inserted\">\n<h2 class=\"full-media-banner-headline ng-star-inserted\"> ORA DISPONIBILE ANCHE CON LAMELLE PI\u00d9 AMPIE <\/h2>\n<p><!----><\/div>\n<p><!----><\/p>\n<div class=\"full-media-banner-content rich-text DARK ng-star-inserted\">\n<p>Con lamelle pi\u00f9 ampie dell&#8217;85%,  \u00e8 lo strumento ideale per capelli lunghi, spessi e ricci. Dotata della stessa avanzata tecnologia di ghd Chronos ma con lamelle pi\u00f9 larghe, garantisce styling impeccabili in met\u00e0 del tempo.<\/p>\n<\/div>\n<p><!----><!----><!----><\/div>\n<\/div>\n<p><!----><\/app-ghd-full-media-banner><!----><!----><\/div>\n<div class=\"product-features-banner ng-star-inserted\"><app-ghd-full-media-banner class=\"ng-star-inserted\"><\/p>\n<div appghdclickable=\"\" class=\"full-media-banner-main-container DARK PX5 ng-star-inserted\">\n<div class=\"full-media-banner-media-container LEFT\"><app-ghd-picture class=\"full-media-banner-image ng-star-inserted\"><picture class=\"ng-star-inserted\"><source srcset=\"https:\/\/media.ghdhair.com\/images\/product\/650_PDP_TechBanner_6_Global.jpg?v=1698764366240&amp;impolicy=FullMediaBannerDesktop\" media=\"(min-width: 1024px)\"><img decoding=\"async\" ghdimagepolicy=\"\" _nghost-ng-c3505905901=\"\" loading=\"eager\" alt=\"\" src=\"https:\/\/media.ghdhair.com\/images\/product\/650_PDP_TechBanner_6_Global.jpg?v=1698764366240&amp;impolicy=FullMediaBannerLeft\" class=\"full-media-banner-image\"><\/picture><!----><!----><\/app-ghd-picture><!----><!----><\/div>\n<div class=\"full-media-banner-text-container LEFT\"><!----><!----><\/p>\n<div class=\"ng-star-inserted\">\n<h2 class=\"full-media-banner-headline ng-star-inserted\"> PROVATO E TESTATO DAI PROFESSIONISTI <\/h2>\n<p><!----><\/div>\n<p><!----><\/p>\n<div class=\"full-media-banner-content rich-text DARK ng-star-inserted\">\n<p><em>&#8220;Ho sempre pensato che non fosse possibile superare la perfezione; poi ho provato ghd chronos. Avere la possibilit\u00e0 di creare onde definite, ricci e capelli perfettamente lisci, \u00e8 un vero e proprio sogno, essendo un professionista. Inoltre, anche il consumatore sar\u00e0 in grado di vedere i suoi capelli pi\u00f9 lucenti e in piega in tempi ultra-ridotti, lavorando su piccole o grandi sezioni&#8221;<\/em>. &nbsp;&#8211; Dafydd Thomas &#8211; Global Education&nbsp;Director<\/p>\n<\/div>\n<p><!----><!----><!----><\/div>\n<\/div>\n<p><!----><\/app-ghd-full-media-banner><!----><!----><\/div>\n<p><!----><\/div>\n","protected":false},"excerpt":{"rendered":"<p>Tecnologia HD motion-responsive\u2122 Reagisce al tuo movimento di styling con 2x pi\u00f9 reattivit\u00e0 e intelligenza per una performance ultra-veloce. elementi in ceramica di ultima generazione Garantisce la temperatura ottimale di styling sulle lamelle per risultati ottimali. Nuovo design ergonomico Maggiore movimento e controllo per uno styling facilitato. Lamelle riscaldanti veloci con rivestimento ultra-gloss Scivola agilmente<\/p>\n","protected":false},"featured_media":5065,"template":"","meta":[],"product_cat":[44],"product_tag":[],"class_list":{"0":"post-5064","1":"product","2":"type-product","3":"status-publish","4":"has-post-thumbnail","6":"product_cat-piastre-ghd","8":"first","9":"instock","10":"sold-individually","11":"shipping-taxable","12":"purchasable","13":"product-type-simple"},"aioseo_notices":[],"_links":{"self":[{"href":"https:\/\/manidiforbici.it\/salone-pesaro\/wp-json\/wp\/v2\/product\/5064","targetHints":{"allow":["GET"]}}],"collection":[{"href":"https:\/\/manidiforbici.it\/salone-pesaro\/wp-json\/wp\/v2\/product"}],"about":[{"href":"https:\/\/manidiforbici.it\/salone-pesaro\/wp-json\/wp\/v2\/types\/product"}],"wp:featuredmedia":[{"embeddable":true,"href":"https:\/\/manidiforbici.it\/salone-pesaro\/wp-json\/wp\/v2\/media\/5065"}],"wp:attachment":[{"href":"https:\/\/manidiforbici.it\/salone-pesaro\/wp-json\/wp\/v2\/media?parent=5064"}],"wp:term":[{"taxonomy":"product_cat","embeddable":true,"href":"https:\/\/manidiforbici.it\/salone-pesaro\/wp-json\/wp\/v2\/product_cat?post=5064"},{"taxonomy":"product_tag","embeddable":true,"href":"https:\/\/manidiforbici.it\/salone-pesaro\/wp-json\/wp\/v2\/product_tag?post=5064"}],"curies":[{"name":"wp","href":"https:\/\/api.w.org\/{rel}","templated":true}]}}