{"id":5090,"date":"2025-10-09T16:25:36","date_gmt":"2025-10-09T15:25:36","guid":{"rendered":"https:\/\/manidiforbici.it\/salone-pesaro\/?post_type=product&#038;p=5090"},"modified":"2026-04-16T01:50:11","modified_gmt":"2026-04-16T00:50:11","slug":"ghd-platinum-styler-piastra-per-capelli-nera-lamelle-26mm","status":"publish","type":"product","link":"https:\/\/manidiforbici.it\/salone-pesaro\/product\/ghd-platinum-styler-piastra-per-capelli-nera-lamelle-26mm\/","title":{"rendered":"GHD PLATINUM+ STYLER &#8211; PIASTRA PER CAPELLI NERA (LAMELLE 26MM)"},"content":{"rendered":"<div class=\"description-content-inner rich-text\">\n<p>Ti presentiamo la <strong>piastra per capelli INTELLIGENTE ghd platinum+ styler <\/strong>caratterizzata dalla rivoluzionaria <strong>tecnologia ultra-zone\u2122<\/strong> che riconosce le esigenze dei tuoi capelli per un&#8217;acconciatura impeccabile e personalizzata.<\/p>\n<p>La nostra migliore piastra per capelli <strong>riconosce lo spessore dei tuoi capelli e la velocit\u00e0 di styling<\/strong>, adattando la potenza per mantenere costante ed uniforma il calore sulle lamelle, per risultati perfetti in una sola passata. I <strong>sensori infinity<\/strong> monitorano il calore 250 volte al secondo sulle lamelle ultra gloss, garantendo un&#8217;esperienza di styling personalizzata. Qualsiasi sia il tuo tipo di capello o lunghezza, puoi realizzare look meravigliosi come appena uscita dal salone.<br \/>\nLavorando alla <strong>temperatura di styling ottimale di 185\u00b0C<\/strong>, la <strong>piastra ghd platinum+<\/strong> protegge l&#8217;integrit\u00e0 dei tuoi capelli senza compromettere il tuo stile, per <strong>capelli 70% pi\u00f9 forti*<\/strong>*,&nbsp;<strong>75%<\/strong> <strong> pi\u00f9 lucenti<\/strong>*** con 2 volte pi\u00f9 protezione del colore. Utilizza la styler ghd platinum+ con lo <a><strong>spray termoprotettore per capelli ghd bodyguard &#8211; heat protect spray<\/strong><\/a>&nbsp;per risultati professionali.<\/p>\n<p>Il <strong>fusto arrotondato<\/strong> di ghd platinum+ \u00e8 perfetto per realizzare diverse acconciature, da <strong><a>acconciature mosse<\/a> <\/strong>con onde morbide e naturali ad <strong><a>acconciature lisce<\/a><\/strong>. Per un maggiore controllo di styling, il sistema unico a due braccia garantisce un perfetto allineamento delle lamelle per uno styling semplice e veloce.<\/p>\n<p>Con il&nbsp;voltaggio universale puoi ottenere le migliori performance di styling ovunque ti trovi e grazie alla funzione <strong>sleep mode automatica<\/strong>, che spegne la styler dopo 30 minuti di inutilizzo, non dovrai pi\u00f9 preoccuparti se hai dimenticato la tua piastra accesa.<\/p>\n<p>Diventa la Regina che ti meriti di essere con la styler ghd platinum+&#8230; <strong>e personalizza la tua styler rendendola unica con il tuo nome o una frase che ti rappresenta!<\/strong><\/p>\n<h6>**Riduce la rottura del capello e 2x pi\u00f9 protezione del colore vs una styler che lavora a 230\u00b0C.<br \/>\n***Vs capelli asciugati naturalmente.<\/h6>\n<\/div>\n<p><app-ghd-product-features tabindex=\"0\" aria-labelledby=\"features\" class=\"ng-star-inserted\"><\/p>\n<div class=\"product-features-wrap\">\n<div class=\"product-features-banner ng-star-inserted\"><app-ghd-full-media-banner class=\"ng-star-inserted\"><\/p>\n<div appghdclickable=\"\" class=\"full-media-banner-main-container DARK PX5 ng-star-inserted\">\n<div class=\"full-media-banner-media-container RIGHT\"><app-ghd-picture class=\"full-media-banner-image ng-star-inserted\"><picture class=\"ng-star-inserted\"><source srcset=\"https:\/\/amplience.ghdhair.com\/i\/ghd\/453_Banner_Image_1IT?$FullMediaBannerDesktop$&amp;fmt=auto\" media=\"(min-width: 1024px)\"><img decoding=\"async\" ghdimagepolicy=\"\" _nghost-ng-c3505905901=\"\" loading=\"eager\" alt=\"Piastra intelligente ghd nera\" src=\"https:\/\/amplience.ghdhair.com\/i\/ghd\/453_Banner_Image_1IT?$FullMediaBannerRight$&amp;fmt=auto\" class=\"full-media-banner-image\"><\/picture><!----><!----><\/app-ghd-picture><!----><!----><\/div>\n<div class=\"full-media-banner-text-container RIGHT\"><!----><!----><\/p>\n<div class=\"ng-star-inserted\">\n<h2 class=\"full-media-banner-headline ng-star-inserted\"> La nostra prima piastra per capelli intelligente  <\/h2>\n<p><!----><\/div>\n<p><!----><\/p>\n<div class=\"full-media-banner-content rich-text DARK ng-star-inserted\">\n<p>Monitora il calore 250 volte al secondo per mantenere una temperatura di styling ottimale di 185\u00b0C, per capelli 70% pi\u00f9 forti**,&nbsp; 75% pi\u00f9 lucenti*** con 2 volte pi\u00f9 protezione del colore.&nbsp;<\/p>\n<\/div>\n<p><!----><!----><!----><\/div>\n<\/div>\n<p><!----><\/app-ghd-full-media-banner><!----><!----><\/div>\n<div class=\"product-features-banner ng-star-inserted\"><app-ghd-full-media-banner class=\"ng-star-inserted\"><\/p>\n<div appghdclickable=\"\" class=\"full-media-banner-main-container DARK PX5 ng-star-inserted\">\n<div class=\"full-media-banner-media-container LEFT\"><app-ghd-picture class=\"full-media-banner-image ng-star-inserted\"><picture class=\"ng-star-inserted\"><source srcset=\"https:\/\/amplience.ghdhair.com\/i\/ghd\/Banner_Image_2IT_453?$FullMediaBannerDesktop$&amp;fmt=auto\" media=\"(min-width: 1024px)\"><img decoding=\"async\" ghdimagepolicy=\"\" _nghost-ng-c3505905901=\"\" loading=\"eager\" alt=\"Sistema a due braccia ghd\" src=\"https:\/\/amplience.ghdhair.com\/i\/ghd\/Banner_Image_2IT_453?$FullMediaBannerLeft$&amp;fmt=auto\" class=\"full-media-banner-image\"><\/picture><!----><!----><\/app-ghd-picture><!----><!----><\/div>\n<div class=\"full-media-banner-text-container LEFT\"><!----><!----><\/p>\n<div class=\"ng-star-inserted\">\n<h2 class=\"full-media-banner-headline ng-star-inserted\"> Pi\u00f9 di una semplice piastra per capelli  <\/h2>\n<p><!----><\/div>\n<p><!----><\/p>\n<div class=\"full-media-banner-content rich-text DARK ng-star-inserted\">\n<p>Sistema a due braccia unico e fusto arrotondato per uno styling versatile per realizzare capelli lisci o onde naturali.<\/p>\n<\/div>\n<p><!----><!----><!----><\/div>\n<\/div>\n<p><!----><\/app-ghd-full-media-banner><!----><!----><\/div>\n<div class=\"product-features-banner ng-star-inserted\"><app-ghd-full-media-banner class=\"ng-star-inserted\"><\/p>\n<div appghdclickable=\"\" class=\"full-media-banner-main-container DARK PX5 ng-star-inserted\">\n<div class=\"full-media-banner-media-container RIGHT\"><app-ghd-picture class=\"full-media-banner-image ng-star-inserted\"><picture class=\"ng-star-inserted\"><source srcset=\"https:\/\/amplience.ghdhair.com\/i\/ghd\/453_Banner_Image_3x?$FullMediaBannerDesktop$&amp;fmt=auto\" media=\"(min-width: 1024px)\"><img decoding=\"async\" ghdimagepolicy=\"\" _nghost-ng-c3505905901=\"\" loading=\"eager\" alt=\"Tecnologia ultra-zone ghd\" src=\"https:\/\/amplience.ghdhair.com\/i\/ghd\/453_Banner_Image_3x?$FullMediaBannerRight$&amp;fmt=auto\" class=\"full-media-banner-image\"><\/picture><!----><!----><\/app-ghd-picture><!----><!----><\/div>\n<div class=\"full-media-banner-text-container RIGHT\"><!----><!----><\/p>\n<div class=\"ng-star-inserted\">\n<h2 class=\"full-media-banner-headline ng-star-inserted\"> Risultati personalizzati  <\/h2>\n<p><!----><\/div>\n<p><!----><\/p>\n<div class=\"full-media-banner-content rich-text DARK ng-star-inserted\">\n<p>Ultra-zone\u2122 con predictive technology che riconosce lo spessore dei capelli e la velocit\u00e0 di styling adattando la potenza per mantenere la temperatura costante sulle lamelle e garantire risultati personalizzati.<br \/>\n&nbsp;<\/p>\n<\/div>\n<p><!----><!----><!----><\/div>\n<\/div>\n<p><!----><\/app-ghd-full-media-banner><!----><!----><\/div>\n<div class=\"product-features-banner ng-star-inserted\"><!----><\/div>\n<p><!----><\/div>\n<p><\/app-ghd-product-features><\/p>\n<div _ngcontent-ng-c3214486414=\"\" class=\"product-details-wrap\">\n<div _ngcontent-ng-c3214486414=\"\" class=\"product-details-item ng-star-inserted\">\n<div _ngcontent-ng-c3214486414=\"\" class=\"product-details-thumb ng-star-inserted\"><app-ghd-picture _ngcontent-ng-c3214486414=\"\"><picture class=\"ng-star-inserted\"><source srcset=\"https:\/\/amplience.ghdhair.com\/i\/ghd\/453_Feature_Image_1?$ProductDetailsImage$&amp;fmt=auto\" media=\"(min-width: 1024px)\"><img decoding=\"async\" ghdimagepolicy=\"\" _nghost-ng-c3505905901=\"\" loading=\"eager\" alt=\"Ultra-zone technology ghd\" src=\"https:\/\/amplience.ghdhair.com\/i\/ghd\/453_Feature_Image_1?$ProductDetailsImage$&amp;fmt=auto\"><\/picture><!----><!----><\/app-ghd-picture><\/div>\n<p><!----><\/p>\n<div _ngcontent-ng-c3214486414=\"\" class=\"product-details-info\">\n<h3 _ngcontent-ng-c3214486414=\"\">Ultra-zone con predictive technology <\/h3>\n<div _ngcontent-ng-c3214486414=\"\" class=\"rich-text\">\n<p>L&#8217;ultima innovazione nello styling a caldo che garantisce una temperatura costante sulle lamelle per risultati meravigliosi in una sola passata.&nbsp;<\/p>\n<\/div>\n<\/div>\n<\/div>\n<div _ngcontent-ng-c3214486414=\"\" class=\"product-details-item ng-star-inserted\">\n<div _ngcontent-ng-c3214486414=\"\" class=\"product-details-thumb ng-star-inserted\"><app-ghd-picture _ngcontent-ng-c3214486414=\"\"><picture class=\"ng-star-inserted\"><source srcset=\"https:\/\/amplience.ghdhair.com\/i\/ghd\/453_Feature_Image_5IT?$ProductDetailsImage$&amp;fmt=auto\" media=\"(min-width: 1024px)\"><img decoding=\"async\" ghdimagepolicy=\"\" _nghost-ng-c3505905901=\"\" loading=\"eager\" alt=\"Temperatura di styling 185\u00b0C\" src=\"https:\/\/amplience.ghdhair.com\/i\/ghd\/453_Feature_Image_5IT?$ProductDetailsImage$&amp;fmt=auto\"><\/picture><!----><!----><\/app-ghd-picture><\/div>\n<p><!----><\/p>\n<div _ngcontent-ng-c3214486414=\"\" class=\"product-details-info\">\n<h3 _ngcontent-ng-c3214486414=\"\">Temperatura ottimale di styling di 185\u00b0C<\/h3>\n<div _ngcontent-ng-c3214486414=\"\" class=\"rich-text\">\n<p>Temperature pi\u00f9 alte danneggerebbero il capello, pi\u00f9 basse comprometterebbero il tuo look.<\/p>\n<\/div>\n<\/div>\n<\/div>\n<div _ngcontent-ng-c3214486414=\"\" class=\"product-details-item ng-star-inserted\">\n<div _ngcontent-ng-c3214486414=\"\" class=\"product-details-thumb ng-star-inserted\"><app-ghd-picture _ngcontent-ng-c3214486414=\"\"><picture class=\"ng-star-inserted\"><source srcset=\"https:\/\/amplience.ghdhair.com\/i\/ghd\/453_Feature_Image_3?$ProductDetailsImage$&amp;fmt=auto\" media=\"(min-width: 1024px)\"><img decoding=\"async\" ghdimagepolicy=\"\" _nghost-ng-c3505905901=\"\" loading=\"eager\" alt=\"Lamelle ghd platinum+\" src=\"https:\/\/amplience.ghdhair.com\/i\/ghd\/453_Feature_Image_3?$ProductDetailsImage$&amp;fmt=auto\"><\/picture><!----><!----><\/app-ghd-picture><\/div>\n<p><!----><\/p>\n<div _ngcontent-ng-c3214486414=\"\" class=\"product-details-info\">\n<h3 _ngcontent-ng-c3214486414=\"\">Lamelle precise e d&#8217;avanguardia <\/h3>\n<div _ngcontent-ng-c3214486414=\"\" class=\"rich-text\">\n<p>Con un rivestimento ultra gloss, per uno styling perfettamente lucente senza sforzi.<\/p>\n<\/div>\n<\/div>\n<\/div>\n<div _ngcontent-ng-c3214486414=\"\" class=\"product-details-item ng-star-inserted\">\n<div _ngcontent-ng-c3214486414=\"\" class=\"product-details-thumb ng-star-inserted\"><app-ghd-picture _ngcontent-ng-c3214486414=\"\"><picture class=\"ng-star-inserted\"><source srcset=\"https:\/\/amplience.ghdhair.com\/i\/ghd\/453_Feature_Image_4?$ProductDetailsImage$&amp;fmt=auto\" media=\"(min-width: 1024px)\"><img decoding=\"async\" ghdimagepolicy=\"\" _nghost-ng-c3505905901=\"\" loading=\"eager\" alt=\"Sistema a due braccia ghd\" src=\"https:\/\/amplience.ghdhair.com\/i\/ghd\/453_Feature_Image_4?$ProductDetailsImage$&amp;fmt=auto\"><\/picture><!----><!----><\/app-ghd-picture><\/div>\n<p><!----><\/p>\n<div _ngcontent-ng-c3214486414=\"\" class=\"product-details-info\">\n<h3 _ngcontent-ng-c3214486414=\"\">Sistema a due braccia <\/h3>\n<div _ngcontent-ng-c3214486414=\"\" class=\"rich-text\">\n<p>Per un perfetto allineamento delle lamelle che ti garantisce un maggior controllo nel creare qualunque look.<\/p>\n<\/div>\n<\/div>\n<\/div>\n<div _ngcontent-ng-c3214486414=\"\" class=\"product-details-item ng-star-inserted\">\n<div _ngcontent-ng-c3214486414=\"\" class=\"product-details-thumb ng-star-inserted\"><app-ghd-picture _ngcontent-ng-c3214486414=\"\"><picture class=\"ng-star-inserted\"><source srcset=\"https:\/\/amplience.ghdhair.com\/i\/ghd\/453_Feature_Image_5?$ProductDetailsImage$&amp;fmt=auto\" media=\"(min-width: 1024px)\"><img decoding=\"async\" ghdimagepolicy=\"\" _nghost-ng-c3505905901=\"\" loading=\"eager\" alt=\"Coprilamelle termoresistente ghd\" src=\"https:\/\/amplience.ghdhair.com\/i\/ghd\/453_Feature_Image_5?$ProductDetailsImage$&amp;fmt=auto\"><\/picture><!----><!----><\/app-ghd-picture><\/div>\n<p><!----><\/p>\n<div _ngcontent-ng-c3214486414=\"\" class=\"product-details-info\">\n<h3 _ngcontent-ng-c3214486414=\"\">Coprilamelle resistente al calore<\/h3>\n<div _ngcontent-ng-c3214486414=\"\" class=\"rich-text\">\n<p>Per proteggere le lamelle dopo l&#8217;utilizzo e portare i tuoi look e la tua styler ovunque vuoi.<\/p>\n<\/div>\n<\/div>\n<\/div>\n<div _ngcontent-ng-c3214486414=\"\" class=\"product-details-item ng-star-inserted\">\n<div _ngcontent-ng-c3214486414=\"\" class=\"product-details-thumb ng-star-inserted\"><app-ghd-picture _ngcontent-ng-c3214486414=\"\"><picture class=\"ng-star-inserted\"><source srcset=\"https:\/\/amplience.ghdhair.com\/i\/ghd\/453_Feature_Image_6IT?$ProductDetailsImage$&amp;fmt=auto\" media=\"(min-width: 1024px)\"><img decoding=\"async\" ghdimagepolicy=\"\" _nghost-ng-c3505905901=\"\" loading=\"eager\" alt=\"Voltaggio universale\" src=\"https:\/\/amplience.ghdhair.com\/i\/ghd\/453_Feature_Image_6IT?$ProductDetailsImage$&amp;fmt=auto\"><\/picture><!----><!----><\/app-ghd-picture><\/div>\n<p><!----><\/p>\n<div _ngcontent-ng-c3214486414=\"\" class=\"product-details-info\">\n<h3 _ngcontent-ng-c3214486414=\"\">Voltaggio universale<\/h3>\n<div _ngcontent-ng-c3214486414=\"\" class=\"rich-text\">\n<p>Per ottenere sempre le migliori performance ovunque ti trovi.<\/p>\n<\/div>\n<\/div>\n<\/div>\n<div _ngcontent-ng-c3214486414=\"\" class=\"product-details-item ng-star-inserted\">\n<div _ngcontent-ng-c3214486414=\"\" class=\"product-details-thumb ng-star-inserted\"><app-ghd-picture _ngcontent-ng-c3214486414=\"\"><picture class=\"ng-star-inserted\"><source srcset=\"https:\/\/amplience.ghdhair.com\/i\/ghd\/453_Feature_Image_7IT?$ProductDetailsImage$&amp;fmt=auto\" media=\"(min-width: 1024px)\"><img decoding=\"async\" ghdimagepolicy=\"\" _nghost-ng-c3505905901=\"\" loading=\"eager\" alt=\"Sleep mode automatico\" src=\"https:\/\/amplience.ghdhair.com\/i\/ghd\/453_Feature_Image_7IT?$ProductDetailsImage$&amp;fmt=auto\"><\/picture><!----><!----><\/app-ghd-picture><\/div>\n<p><!----><\/p>\n<div _ngcontent-ng-c3214486414=\"\" class=\"product-details-info\">\n<h3 _ngcontent-ng-c3214486414=\"\">Funzione sleep mode automatica<\/h3>\n<div _ngcontent-ng-c3214486414=\"\" class=\"rich-text\">\n<p>Spegne la styler dopo 30 minuti di inutilizzo, per il massimo della tranquillit\u00e0.<\/p>\n<\/div>\n<\/div>\n<\/div>\n<div _ngcontent-ng-c3214486414=\"\" class=\"product-details-item ng-star-inserted\">\n<div _ngcontent-ng-c3214486414=\"\" class=\"product-details-thumb ng-star-inserted\"><app-ghd-picture _ngcontent-ng-c3214486414=\"\"><picture class=\"ng-star-inserted\"><source srcset=\"https:\/\/amplience.ghdhair.com\/i\/ghd\/453_Feature_Image_8?$ProductDetailsImage$&amp;fmt=auto\" media=\"(min-width: 1024px)\"><img decoding=\"async\" ghdimagepolicy=\"\" _nghost-ng-c3505905901=\"\" loading=\"eager\" alt=\"Cavo girevole ghd platinum+\" src=\"https:\/\/amplience.ghdhair.com\/i\/ghd\/453_Feature_Image_8?$ProductDetailsImage$&amp;fmt=auto\"><\/picture><!----><!----><\/app-ghd-picture><\/div>\n<p><!----><\/p>\n<div _ngcontent-ng-c3214486414=\"\" class=\"product-details-info\">\n<h3 _ngcontent-ng-c3214486414=\"\">Cavo girevole di 2.7m <\/h3>\n<div _ngcontent-ng-c3214486414=\"\" class=\"rich-text\">\n<p>Cavo professionale per un maggior comfort durante lo styling ovunque ti trovi.<\/p>\n<\/div>\n<\/div>\n<\/div>\n<p><!----><\/div>\n","protected":false},"excerpt":{"rendered":"<p>Ti presentiamo la piastra per capelli INTELLIGENTE ghd platinum+ styler caratterizzata dalla rivoluzionaria tecnologia ultra-zone\u2122 che riconosce le esigenze dei tuoi capelli per un&#8217;acconciatura impeccabile e personalizzata. La nostra migliore piastra per capelli riconosce lo spessore dei tuoi capelli e la velocit\u00e0 di styling, adattando la potenza per mantenere costante ed uniforma il calore sulle<\/p>\n","protected":false},"featured_media":5091,"template":"","meta":[],"product_cat":[44],"product_tag":[],"class_list":{"0":"post-5090","1":"product","2":"type-product","3":"status-publish","4":"has-post-thumbnail","6":"product_cat-piastre-ghd","8":"first","9":"instock","10":"sold-individually","11":"shipping-taxable","12":"purchasable","13":"product-type-simple"},"aioseo_notices":[],"_links":{"self":[{"href":"https:\/\/manidiforbici.it\/salone-pesaro\/wp-json\/wp\/v2\/product\/5090","targetHints":{"allow":["GET"]}}],"collection":[{"href":"https:\/\/manidiforbici.it\/salone-pesaro\/wp-json\/wp\/v2\/product"}],"about":[{"href":"https:\/\/manidiforbici.it\/salone-pesaro\/wp-json\/wp\/v2\/types\/product"}],"wp:featuredmedia":[{"embeddable":true,"href":"https:\/\/manidiforbici.it\/salone-pesaro\/wp-json\/wp\/v2\/media\/5091"}],"wp:attachment":[{"href":"https:\/\/manidiforbici.it\/salone-pesaro\/wp-json\/wp\/v2\/media?parent=5090"}],"wp:term":[{"taxonomy":"product_cat","embeddable":true,"href":"https:\/\/manidiforbici.it\/salone-pesaro\/wp-json\/wp\/v2\/product_cat?post=5090"},{"taxonomy":"product_tag","embeddable":true,"href":"https:\/\/manidiforbici.it\/salone-pesaro\/wp-json\/wp\/v2\/product_tag?post=5090"}],"curies":[{"name":"wp","href":"https:\/\/api.w.org\/{rel}","templated":true}]}}