{"id":5102,"date":"2025-10-09T16:52:04","date_gmt":"2025-10-09T15:52:04","guid":{"rendered":"https:\/\/manidiforbici.it\/salone-pesaro\/?post_type=product&#038;p=5102"},"modified":"2026-04-16T01:50:11","modified_gmt":"2026-04-16T00:50:11","slug":"nuovo-ghd-chronos-curve-conical-wand-28-23mm-ferro-per-beach-waves","status":"publish","type":"product","link":"https:\/\/manidiforbici.it\/salone-pesaro\/product\/nuovo-ghd-chronos-curve-conical-wand-28-23mm-ferro-per-beach-waves\/","title":{"rendered":"NUOVO GHD CHRONOS CURVE CONICAL WAND (28-23MM) FERRO PER BEACH WAVES"},"content":{"rendered":"<div class=\"description expanded\">\n<div class=\"description-content\">\n<div class=\"description-content-inner rich-text\">\n<p>Ti presentiamo il <strong>ferro per capelli mossi ghd Chronos Curve Conical Wand<\/strong> \u2013 per <strong>onde effetto spiaggia spettinate<\/strong> che mantengono la forma a lungo.<\/p>\n<p>Progettato con un <strong>fusto conico da 28-23 mm<\/strong>, questo arricciacapelli professionale \u00e8 pensato per creare capelli mossi e naturali<strong> ad alta definizione 3 volte pi\u00f9 velocemente<\/strong>\u00b9. Dotato di <strong>tecnologia curl-responsive<\/strong>, risponde in modo intuitivo ai tuoi movimenti di styling mantenendo la <strong>temperatura ottimale di 185\u00b0C<\/strong> dalla radice alle punte \u2013 cos\u00ec ogni torsione, avvolgimento e movimento crea<strong> risultati consistenti e ultra-lucidi in soli 3 secondi<\/strong>.<\/p>\n<p>\u00c8 tutto incentrato su quella texture spettinata e naturale \u2013 capelli effetto beach waves che durano davvero. Grazie alla <strong>forma conica <\/strong>progettata per creare onde imperfette ma belle, questo strumento crea uno <strong>styling a lunga tenuta<\/strong>\u00b3 con una <strong>durata di ricci ed onde fino a 24 ore<\/strong>\u00b3.<\/p>\n<p><strong>Onde lisce e senza effetto crespo<\/strong>\u00b2 grazie al fusto ad alte prestazioni, rivestito in materiale anodizzato per un maggiore controllo e una scorrevolezza di livello superiore. I risultati? <strong>Capelli fino al 50% pi\u00f9 lisci\u2076, 50% pi\u00f9 lucenti<\/strong>\u2075, e onde morbide e definite che attirano l\u2019attenzione senza sforzo.<\/p>\n<p>E poich\u00e9 prendiamo sul serio sicurezza e praticit\u00e0, questo strumento \u00e8 dotato anche di punta fredda, supporto di sicurezza integrato, <strong>voltaggio universale <\/strong>e modalit\u00e0 sleep automatica dopo 20 minuti di inutilizzo. Inoltre, il <strong>cavo professionale da 2,7 m e il guanto da styling incluso<\/strong> lo rendono comodo e sicuro da usare.<\/p>\n<p>Che tu voglia un look naturale effetto spiaggia o uno styling pi\u00f9 elegante, &nbsp;ghd Chronos Curve Conical Wand \u00e8 la tua scorciatoia per ricci ed onde perfetti \u2013 con brillantezza e durata eccezionali.<\/p>\n<p>\u00b9Rispetto a un arricciacapelli concorrente impostato a 190\u00b0C. Test di laboratorio che misura il tempo necessario per creare lo stesso riccio (escluso Max Wand).<br \/>\n\u00b2Test di consumo, gennaio-febbraio 2024. In media, il 73% dei 921 consumatori ha confermato che ghd Chronos Curve crea ricci e onde senza crespo.<br \/>\n\u00b3Quando usato con curl hold spray. Test tecnico che misura la tenuta del riccio in una camera a umidit\u00e0 relativa del 50%.<br \/>\n\u2074Il danno da calore estremo \u00e8 una riduzione frazionaria della resistenza a trazione a umido per ciclo superiore a 0,005, misurata su almeno 100 cicli su capelli castani caucasici (\u201cStrength Reduction\u201d).<br \/>\n\u2075Test tecnico in laboratorio su capelli castani, rispetto a capelli asciugati naturalmente.<br \/>\n\u2076Test di consumo su 26 mm e Conical, gennaio-febbraio 2024. L\u201980% dei 107 consumatori concorda che ghd Chronos Curve permette di creare ricci e onde in modo rapido e semplice. Test tecnico su 32 mm e Jasmine rispetto a un arricciacapelli concorrente impostato a 185\u00b0C. Test di laboratorio che misura il tempo necessario per creare lo stesso riccio.<\/p>\n<\/div>\n<\/div>\n<p><button class=\"description-btn ng-star-inserted\"><img loading=\"lazy\" decoding=\"async\" src=\"\/assets\/icons\/icon-gold-chevron.svg\" height=\"12\" width=\"21\" alt=\"Mostra meno\"><\/button><!----><\/div>\n<p><app-ghd-product-details-tab role=\"tabpanel\" _nghost-ng-c3214486414=\"\" id=\"product-tab-body-details\" tabindex=\"1\" aria-labelledby=\"product-tab-head-details\" class=\"ng-star-inserted\"><\/p>\n<div _ngcontent-ng-c3214486414=\"\" class=\"product-details-wrap\">\n<div _ngcontent-ng-c3214486414=\"\" class=\"product-details-item ng-star-inserted\">\n<div _ngcontent-ng-c3214486414=\"\" class=\"product-details-thumb ng-star-inserted\"><app-ghd-picture _ngcontent-ng-c3214486414=\"\"><picture class=\"ng-star-inserted\"><source srcset=\"https:\/\/amplience.ghdhair.com\/i\/ghd\/702_Feature_Image_1_IT?v=1748430535126&amp;$ProductDetailsImage$&amp;fmt=auto\" media=\"(min-width: 1024px)\"><img decoding=\"async\" ghdimagepolicy=\"\" _nghost-ng-c3505905901=\"\" loading=\"eager\" alt=\"\" src=\"https:\/\/amplience.ghdhair.com\/i\/ghd\/702_Feature_Image_1_IT?v=1748430535126&amp;$ProductDetailsImage$&amp;fmt=auto\"><\/picture><!----><!----><\/app-ghd-picture><\/div>\n<p><!----><\/p>\n<div _ngcontent-ng-c3214486414=\"\" class=\"product-details-info\">\n<h3 _ngcontent-ng-c3214486414=\"\">Tecnologia Curl Responsive<\/h3>\n<div _ngcontent-ng-c3214486414=\"\" class=\"rich-text\">\n<p>Dotata di un algoritmo intelligente che monitora e si adatta ai movimenti durante lo styling, offre un controllo avanzato del calore e dello styling, creando ricci ad alta definizione senza effetto crespo\u00b9 e senza danni da calore estremo\u2075.<\/p>\n<\/div>\n<\/div>\n<\/div>\n<div _ngcontent-ng-c3214486414=\"\" class=\"product-details-item ng-star-inserted\">\n<div _ngcontent-ng-c3214486414=\"\" class=\"product-details-thumb ng-star-inserted\"><app-ghd-picture _ngcontent-ng-c3214486414=\"\"><picture class=\"ng-star-inserted\"><source srcset=\"https:\/\/amplience.ghdhair.com\/i\/ghd\/702_Feature_Image_2_IT?v=1748430568413&amp;$ProductDetailsImage$&amp;fmt=auto\" media=\"(min-width: 1024px)\"><img decoding=\"async\" ghdimagepolicy=\"\" _nghost-ng-c3505905901=\"\" loading=\"eager\" alt=\"\" src=\"https:\/\/amplience.ghdhair.com\/i\/ghd\/702_Feature_Image_2_IT?v=1748430568413&amp;$ProductDetailsImage$&amp;fmt=auto\"><\/picture><!----><!----><\/app-ghd-picture><\/div>\n<p><!----><\/p>\n<div _ngcontent-ng-c3214486414=\"\" class=\"product-details-info\">\n<h3 _ngcontent-ng-c3214486414=\"\">Riscaldatori di ultima generazione<\/h3>\n<div _ngcontent-ng-c3214486414=\"\" class=\"rich-text\">\n<p>Garantisce una temperatura costante e ottimale su tutta la lunghezza del cilindro, favorendo la creativit\u00e0 nello styling.<\/p>\n<\/div>\n<\/div>\n<\/div>\n<div _ngcontent-ng-c3214486414=\"\" class=\"product-details-item ng-star-inserted\">\n<div _ngcontent-ng-c3214486414=\"\" class=\"product-details-thumb ng-star-inserted\"><app-ghd-picture _ngcontent-ng-c3214486414=\"\"><picture class=\"ng-star-inserted\"><source srcset=\"https:\/\/amplience.ghdhair.com\/i\/ghd\/702_Feature_Image_3_IT?v=1748430585372&amp;$ProductDetailsImage$&amp;fmt=auto\" media=\"(min-width: 1024px)\"><img decoding=\"async\" ghdimagepolicy=\"\" _nghost-ng-c3505905901=\"\" loading=\"eager\" alt=\"\" src=\"https:\/\/amplience.ghdhair.com\/i\/ghd\/702_Feature_Image_3_IT?v=1748430585372&amp;$ProductDetailsImage$&amp;fmt=auto\"><\/picture><!----><!----><\/app-ghd-picture><\/div>\n<p><!----><\/p>\n<div _ngcontent-ng-c3214486414=\"\" class=\"product-details-info\">\n<h3 _ngcontent-ng-c3214486414=\"\">Rivestimento anodizzato professionale<\/h3>\n<div _ngcontent-ng-c3214486414=\"\" class=\"rich-text\">\n<p>Supporta una presa ottimizzata durante l\u2019utilizzo e garantisce fino al 50% in pi\u00f9 di brillantezza\u2076.<\/p>\n<\/div>\n<\/div>\n<\/div>\n<div _ngcontent-ng-c3214486414=\"\" class=\"product-details-item ng-star-inserted\">\n<div _ngcontent-ng-c3214486414=\"\" class=\"product-details-thumb ng-star-inserted\"><app-ghd-picture _ngcontent-ng-c3214486414=\"\"><picture class=\"ng-star-inserted\"><source srcset=\"https:\/\/amplience.ghdhair.com\/i\/ghd\/TEMP_Feature_Image_5_IT?$ProductDetailsImage$&amp;fmt=auto\" media=\"(min-width: 1024px)\"><img decoding=\"async\" ghdimagepolicy=\"\" _nghost-ng-c3505905901=\"\" loading=\"eager\" alt=\"\" src=\"https:\/\/amplience.ghdhair.com\/i\/ghd\/TEMP_Feature_Image_5_IT?$ProductDetailsImage$&amp;fmt=auto\"><\/picture><!----><!----><\/app-ghd-picture><\/div>\n<p><!----><\/p>\n<div _ngcontent-ng-c3214486414=\"\" class=\"product-details-info\">\n<h3 _ngcontent-ng-c3214486414=\"\">Temperatura di styling ottimale di 185\u00b0C<\/h3>\n<div _ngcontent-ng-c3214486414=\"\" class=\"rich-text\">\n<p>La combinazione perfetta tra ricci a lunga tenuta senza compromettere l&#8217;integrit\u00e0 dei tuoi capelli.<\/p>\n<\/div>\n<\/div>\n<\/div>\n<div _ngcontent-ng-c3214486414=\"\" class=\"product-details-item ng-star-inserted\">\n<div _ngcontent-ng-c3214486414=\"\" class=\"product-details-thumb ng-star-inserted\"><app-ghd-picture _ngcontent-ng-c3214486414=\"\"><picture class=\"ng-star-inserted\"><source srcset=\"https:\/\/amplience.ghdhair.com\/i\/ghd\/702_Feature_Image_5_IT?v=1748430619978&amp;$ProductDetailsImage$&amp;fmt=auto\" media=\"(min-width: 1024px)\"><img decoding=\"async\" ghdimagepolicy=\"\" _nghost-ng-c3505905901=\"\" loading=\"eager\" alt=\"\" src=\"https:\/\/amplience.ghdhair.com\/i\/ghd\/702_Feature_Image_5_IT?v=1748430619978&amp;$ProductDetailsImage$&amp;fmt=auto\"><\/picture><!----><!----><\/app-ghd-picture><\/div>\n<p><!----><\/p>\n<div _ngcontent-ng-c3214486414=\"\" class=\"product-details-info\">\n<h3 _ngcontent-ng-c3214486414=\"\">Supporto di sicurezza in silicone<\/h3>\n<div _ngcontent-ng-c3214486414=\"\" class=\"rich-text\">\n<p>Per garantire che lo strumento non sia a contatto diretto con le superfici durante il non utilizzo.<\/p>\n<\/div>\n<\/div>\n<\/div>\n<div _ngcontent-ng-c3214486414=\"\" class=\"product-details-item ng-star-inserted\">\n<div _ngcontent-ng-c3214486414=\"\" class=\"product-details-thumb ng-star-inserted\"><app-ghd-picture _ngcontent-ng-c3214486414=\"\"><picture class=\"ng-star-inserted\"><source srcset=\"https:\/\/amplience.ghdhair.com\/i\/ghd\/662_Feature_Image_SLEEPMODE_ITA?$ProductDetailsImage$&amp;fmt=auto\" media=\"(min-width: 1024px)\"><img decoding=\"async\" ghdimagepolicy=\"\" _nghost-ng-c3505905901=\"\" loading=\"eager\" alt=\"\" src=\"https:\/\/amplience.ghdhair.com\/i\/ghd\/662_Feature_Image_SLEEPMODE_ITA?$ProductDetailsImage$&amp;fmt=auto\"><\/picture><!----><!----><\/app-ghd-picture><\/div>\n<p><!----><\/p>\n<div _ngcontent-ng-c3214486414=\"\" class=\"product-details-info\">\n<h3 _ngcontent-ng-c3214486414=\"\">Funzione sleep mode automatica<\/h3>\n<div _ngcontent-ng-c3214486414=\"\" class=\"rich-text\">\n<p>Spegne l&#8217;arricciacapelli dopo 20 minuti di inutilizzo per una maggiore tranquillit\u00e0 durante la messa in piega.<\/p>\n<\/div>\n<\/div>\n<\/div>\n<div _ngcontent-ng-c3214486414=\"\" class=\"product-details-item ng-star-inserted\">\n<div _ngcontent-ng-c3214486414=\"\" class=\"product-details-thumb ng-star-inserted\"><app-ghd-picture _ngcontent-ng-c3214486414=\"\"><picture class=\"ng-star-inserted\"><source srcset=\"https:\/\/amplience.ghdhair.com\/i\/ghd\/703_Feature_Image_5ITA?$ProductDetailsImage$&amp;fmt=auto\" media=\"(min-width: 1024px)\"><img decoding=\"async\" ghdimagepolicy=\"\" _nghost-ng-c3505905901=\"\" loading=\"eager\" alt=\"\" src=\"https:\/\/amplience.ghdhair.com\/i\/ghd\/703_Feature_Image_5ITA?$ProductDetailsImage$&amp;fmt=auto\"><\/picture><!----><!----><\/app-ghd-picture><\/div>\n<p><!----><\/p>\n<div _ngcontent-ng-c3214486414=\"\" class=\"product-details-info\">\n<h3 _ngcontent-ng-c3214486414=\"\">Tempo di riscaldamento<\/h3>\n<div _ngcontent-ng-c3214486414=\"\" class=\"rich-text\">\n<p>25 secondi.<\/p>\n<\/div>\n<\/div>\n<\/div>\n<div _ngcontent-ng-c3214486414=\"\" class=\"product-details-item ng-star-inserted\">\n<div _ngcontent-ng-c3214486414=\"\" class=\"product-details-thumb ng-star-inserted\"><app-ghd-picture _ngcontent-ng-c3214486414=\"\"><picture class=\"ng-star-inserted\"><source srcset=\"https:\/\/amplience.ghdhair.com\/i\/ghd\/702_Feature_Image_8_IT?v=1748430648286&amp;$ProductDetailsImage$&amp;fmt=auto\" media=\"(min-width: 1024px)\"><img decoding=\"async\" ghdimagepolicy=\"\" _nghost-ng-c3505905901=\"\" loading=\"eager\" alt=\"\" src=\"https:\/\/amplience.ghdhair.com\/i\/ghd\/702_Feature_Image_8_IT?v=1748430648286&amp;$ProductDetailsImage$&amp;fmt=auto\"><\/picture><!----><!----><\/app-ghd-picture><\/div>\n<p><!----><\/p>\n<div _ngcontent-ng-c3214486414=\"\" class=\"product-details-info\">\n<h3 _ngcontent-ng-c3214486414=\"\">Cavo professionale girevole<\/h3>\n<div _ngcontent-ng-c3214486414=\"\" class=\"rich-text\">\n<p>Cavo di una lunghezza di 2.7m per uno styling flessibile ovunque ti trovi.<\/p>\n<\/div>\n<\/div>\n<\/div>\n<div _ngcontent-ng-c3214486414=\"\" class=\"product-details-item ng-star-inserted\">\n<div _ngcontent-ng-c3214486414=\"\" class=\"product-details-thumb ng-star-inserted\"><app-ghd-picture _ngcontent-ng-c3214486414=\"\"><picture class=\"ng-star-inserted\"><source srcset=\"https:\/\/amplience.ghdhair.com\/i\/ghd\/26warranty_Feature_Image_IT?$ProductDetailsImage$&amp;fmt=auto\" media=\"(min-width: 1024px)\"><img decoding=\"async\" ghdimagepolicy=\"\" _nghost-ng-c3505905901=\"\" loading=\"eager\" alt=\"\" src=\"https:\/\/amplience.ghdhair.com\/i\/ghd\/26warranty_Feature_Image_IT?$ProductDetailsImage$&amp;fmt=auto\"><\/picture><!----><!----><\/app-ghd-picture><\/div>\n<p><!----><\/p>\n<div _ngcontent-ng-c3214486414=\"\" class=\"product-details-info\">\n<h3 _ngcontent-ng-c3214486414=\"\">26 mesi di garanzia<\/h3>\n<div _ngcontent-ng-c3214486414=\"\" class=\"rich-text\">\n<p>Il prodotto \u00e8 coperto da una garanzia di 26 mesi.<\/p>\n<\/div>\n<\/div>\n<\/div>\n<p><!----><\/div>\n<p><\/app-ghd-product-details-tab><app-ghd-product-features tabindex=\"0\" aria-labelledby=\"features\" class=\"ng-star-inserted\"><\/p>\n<div class=\"product-features-wrap\">\n<div class=\"product-features-banner ng-star-inserted\"><!----><app-ghd-video-banner class=\"ng-star-inserted\"><\/p>\n<div class=\"video-banner-main-container DARK PX5 ng-star-inserted\"><!----><\/p>\n<div class=\"video-banner-media-container\"><app-ghd-video class=\"video-banner-video ng-star-inserted\" _nghost-ng-c2606573166=\"\"><video _ngcontent-ng-c2606573166=\"\" controls=\"\" class=\"video-component video-banner-video ng-star-inserted\" preload=\"metadata\"><source _ngcontent-ng-c2606573166=\"\" src=\"https:\/\/amplience.ghdhair.com\/v\/ghd\/LOWQ_PDP_TechBanner_Pro_Video_ITA\/mp41080p#t=0.1\" type=\"video\/mp4\"><\/video><!----><!----><!----><!----><!----><!----><\/app-ghd-video><!----><\/div>\n<\/div>\n<p><!----><\/app-ghd-video-banner><!----><\/div>\n<div class=\"product-features-banner ng-star-inserted\"><app-ghd-full-media-banner class=\"ng-star-inserted\"><\/p>\n<div appghdclickable=\"\" class=\"full-media-banner-main-container DARK PX5 ng-star-inserted\">\n<div class=\"full-media-banner-media-container RIGHT\"><app-ghd-picture class=\"full-media-banner-image ng-star-inserted\"><picture class=\"ng-star-inserted\"><source srcset=\"https:\/\/amplience.ghdhair.com\/i\/ghd\/702_PDP_TechBanner_Conical_1_Left_Global?$FullMediaBannerDesktop$&amp;fmt=auto\" media=\"(min-width: 1024px)\"><img decoding=\"async\" ghdimagepolicy=\"\" _nghost-ng-c3505905901=\"\" loading=\"eager\" alt=\"\" src=\"https:\/\/amplience.ghdhair.com\/i\/ghd\/702_PDP_TechBanner_Conical_1_Left_Global?$FullMediaBannerRight$&amp;fmt=auto\" class=\"full-media-banner-image\"><\/picture><!----><!----><\/app-ghd-picture><!----><!----><\/div>\n<div class=\"full-media-banner-text-container RIGHT\"><!----><!----><\/p>\n<div class=\"ng-star-inserted\">\n<h2 class=\"full-media-banner-headline ng-star-inserted\"> TECNOLOGIA CURL RESPONSIVE <\/h2>\n<p><!----><\/div>\n<p><!----><\/p>\n<div class=\"full-media-banner-content rich-text DARK ng-star-inserted\">\n<p>Reagisce alle azioni dinamiche di arricciatura, come l&#8217;avvolgimento dei capelli attorno al fusto, e risponde alle esigenze del capello per uno styling ultra-rapido e risultati ad alta definizione.<\/p>\n<\/div>\n<p><!----><!----><!----><\/div>\n<\/div>\n<p><!----><\/app-ghd-full-media-banner><!----><!----><\/div>\n<div class=\"product-features-banner ng-star-inserted\"><app-ghd-full-media-banner class=\"ng-star-inserted\"><\/p>\n<div appghdclickable=\"\" class=\"full-media-banner-main-container DARK PX5 ng-star-inserted\">\n<div class=\"full-media-banner-media-container LEFT\"><app-ghd-picture class=\"full-media-banner-image ng-star-inserted\"><picture class=\"ng-star-inserted\"><source srcset=\"https:\/\/amplience.ghdhair.com\/i\/ghd\/PDP_TechBanner_Conical_2_Right_ITA_3x?$FullMediaBannerDesktop$&amp;fmt=auto\" media=\"(min-width: 1024px)\"><img decoding=\"async\" ghdimagepolicy=\"\" _nghost-ng-c3505905901=\"\" loading=\"eager\" alt=\"\" src=\"https:\/\/amplience.ghdhair.com\/i\/ghd\/PDP_TechBanner_Conical_2_Right_ITA_3x?$FullMediaBannerLeft$&amp;fmt=auto\" class=\"full-media-banner-image\"><\/picture><!----><!----><\/app-ghd-picture><!----><!----><\/div>\n<div class=\"full-media-banner-text-container LEFT\"><!----><!----><\/p>\n<div class=\"ng-star-inserted\">\n<h2 class=\"full-media-banner-headline ng-star-inserted\"> RICCI E ONDE PI\u00d9 SANI <\/h2>\n<p><!----><\/div>\n<p><!----><\/p>\n<div class=\"full-media-banner-content rich-text DARK ng-star-inserted\">\n<p>L&#8217;ultima generazione di riscaldatori in ceramica di ghd garantisce che la temperatura ottimale di 185\u00b0C venga mantenuta su tutta la lunghezza del fusto, senza danni da calore estremo\u2074.<\/p>\n<\/div>\n<p><!----><!----><!----><\/div>\n<\/div>\n<p><!----><\/app-ghd-full-media-banner><!----><!----><\/div>\n<div class=\"product-features-banner ng-star-inserted\"><app-ghd-full-media-banner class=\"ng-star-inserted\"><\/p>\n<div appghdclickable=\"\" class=\"full-media-banner-main-container DARK PX5 ng-star-inserted\">\n<div class=\"full-media-banner-media-container RIGHT\"><app-ghd-picture class=\"full-media-banner-image ng-star-inserted\"><picture class=\"ng-star-inserted\"><source srcset=\"https:\/\/amplience.ghdhair.com\/i\/ghd\/702_PDP_TechBanner_Conical_3_Left_Global?$FullMediaBannerDesktop$&amp;fmt=auto\" media=\"(min-width: 1024px)\"><img decoding=\"async\" ghdimagepolicy=\"\" _nghost-ng-c3505905901=\"\" loading=\"eager\" alt=\"\" src=\"https:\/\/amplience.ghdhair.com\/i\/ghd\/702_PDP_TechBanner_Conical_3_Left_Global?$FullMediaBannerRight$&amp;fmt=auto\" class=\"full-media-banner-image\"><\/picture><!----><!----><\/app-ghd-picture><!----><!----><\/div>\n<div class=\"full-media-banner-text-container RIGHT\"><!----><!----><\/p>\n<div class=\"ng-star-inserted\">\n<h2 class=\"full-media-banner-headline ng-star-inserted\"> RISULTATI AD ALTA DEFINIZIONE <\/h2>\n<p><!----><\/div>\n<p><!----><\/p>\n<div class=\"full-media-banner-content rich-text DARK ng-star-inserted\">\n<p>Con il 50% in pi\u00f9 di lucentezza\u2075, Chronos Curve \u00e8 davvero la gamma perfetta per ricci brillanti. Combinando la tecnologia curl responsive con il nostro nuovo rivestimento professionale anodizzato, \u00e8 possibile creare ricci definiti dalla radice con una finitura liscia e senza crespo\u00b2.<\/p>\n<\/div>\n<p><!----><!----><!----><\/div>\n<\/div>\n<p><!----><\/app-ghd-full-media-banner><!----><!----><\/div>\n<div class=\"product-features-banner ng-star-inserted\"><app-ghd-full-media-banner class=\"ng-star-inserted\"><\/p>\n<div appghdclickable=\"\" class=\"full-media-banner-main-container DARK PX5 ng-star-inserted\">\n<div class=\"full-media-banner-media-container LEFT\"><app-ghd-picture class=\"full-media-banner-image ng-star-inserted\"><picture class=\"ng-star-inserted\"><source srcset=\"https:\/\/amplience.ghdhair.com\/i\/ghd\/702_PDP_TechBanner_Conical_4_Right_Global?$FullMediaBannerDesktop$&amp;fmt=auto\" media=\"(min-width: 1024px)\"><img decoding=\"async\" ghdimagepolicy=\"\" _nghost-ng-c3505905901=\"\" loading=\"eager\" alt=\"\" src=\"https:\/\/amplience.ghdhair.com\/i\/ghd\/702_PDP_TechBanner_Conical_4_Right_Global?$FullMediaBannerLeft$&amp;fmt=auto\" class=\"full-media-banner-image\"><\/picture><!----><!----><\/app-ghd-picture><!----><!----><\/div>\n<div class=\"full-media-banner-text-container LEFT\"><!----><!----><\/p>\n<div class=\"ng-star-inserted\">\n<h2 class=\"full-media-banner-headline ng-star-inserted\"> RIVESTIMENTO PROFESSIONALE ANODIZZATO <\/h2>\n<p><!----><\/div>\n<p><!----><\/p>\n<div class=\"full-media-banner-content rich-text DARK ng-star-inserted\">\n<p>Il rivestimento premium del fusto ghd \u00e8 progettato per garantire un trasferimento ottimale del calore su tutta la lunghezza del fusto, mentre la texture opaca offre la giusta aderenza e dona lucentezza e morbidezza impareggiabili indipendentemente dalla tecnica utilizzata, assicurando onde o ricci sempre luminosi.<\/p>\n<\/div>\n<p><!----><!----><!----><\/div>\n<\/div>\n<p><!----><\/app-ghd-full-media-banner><!----><!----><\/div>\n<div class=\"product-features-banner ng-star-inserted\"><!----><app-ghd-video-banner class=\"ng-star-inserted\"><\/p>\n<div class=\"video-banner-main-container DARK PX5 ng-star-inserted\">\n<div class=\"video-banner-text-container BOTTOM ng-star-inserted\">\n<h2 class=\"video-banner-heading ng-star-inserted\"> SCOPRI LA TECNOLOGIA <\/h2>\n<p><!----><!----><!----><!----><\/div>\n<p><!----><\/p>\n<div class=\"video-banner-media-container\"><app-ghd-video class=\"video-banner-video ng-star-inserted\" _nghost-ng-c2606573166=\"\"><video _ngcontent-ng-c2606573166=\"\" controls=\"\" class=\"video-component video-banner-video ng-star-inserted\" preload=\"metadata\"><source _ngcontent-ng-c2606573166=\"\" src=\"https:\/\/amplience.ghdhair.com\/v\/ghd\/ChronosCurve25_TechVideo_All_ITA\/mp41080p#t=0.1\" type=\"video\/mp4\"><\/video><!----><!----><!----><!----><!----><!----><\/app-ghd-video><!----><\/div>\n<\/div>\n<p><!----><\/app-ghd-video-banner><!----><\/div>\n<div class=\"product-features-banner ng-star-inserted\"><app-ghd-full-media-banner class=\"ng-star-inserted\"><\/p>\n<div appghdclickable=\"\" class=\"full-media-banner-main-container DARK PX5 ng-star-inserted\">\n<div class=\"full-media-banner-media-container RIGHT\"><app-ghd-picture class=\"full-media-banner-image ng-star-inserted\"><picture class=\"ng-star-inserted\"><source srcset=\"https:\/\/amplience.ghdhair.com\/i\/ghd\/702_PDP_TechBanner_Conical_Wand_5_Left_Global?$FullMediaBannerDesktop$&amp;fmt=auto\" media=\"(min-width: 1024px)\"><img decoding=\"async\" ghdimagepolicy=\"\" _nghost-ng-c3505905901=\"\" loading=\"eager\" alt=\"\" src=\"https:\/\/amplience.ghdhair.com\/i\/ghd\/702_PDP_TechBanner_Conical_Wand_5_Left_Global?$FullMediaBannerRight$&amp;fmt=auto\" class=\"full-media-banner-image\"><\/picture><!----><!----><\/app-ghd-picture><!----><!----><\/div>\n<div class=\"full-media-banner-text-container RIGHT\"><!----><!----><\/p>\n<div class=\"ng-star-inserted\">\n<h2 class=\"full-media-banner-headline ng-star-inserted\"> REALIZZATO PER RICCI DA SPIAGGIA <\/h2>\n<p><!----><\/div>\n<p><!----><\/p>\n<div class=\"full-media-banner-content rich-text DARK ng-star-inserted\">\n<p>Il Conical Wand ha un esclusivo fusto conico da 28 mm a 23 mm, ideale per creare look pi\u00f9 texturizzati con una punta pi\u00f9 dritta, perfetta per capelli da corti a lunghi.<\/p>\n<\/div>\n<p><!----><!----><!----><\/div>\n<\/div>\n<p><!----><\/app-ghd-full-media-banner><!----><!----><\/div>\n<div class=\"product-features-banner ng-star-inserted\"><!----><app-ghd-video-banner class=\"ng-star-inserted\"><\/p>\n<div class=\"video-banner-main-container DARK PX5 ng-star-inserted\">\n<div class=\"video-banner-text-container BOTTOM ng-star-inserted\">\n<h2 class=\"video-banner-heading ng-star-inserted\"> GET THE LOOK <\/h2>\n<p><!----><!----><!----><!----><\/div>\n<p><!----><\/p>\n<div class=\"video-banner-media-container\"><app-ghd-video class=\"video-banner-video ng-star-inserted\" _nghost-ng-c2606573166=\"\"><video _ngcontent-ng-c2606573166=\"\" controls=\"\" class=\"video-component video-banner-video ng-star-inserted\" preload=\"metadata\"><source _ngcontent-ng-c2606573166=\"\" src=\"https:\/\/amplience.ghdhair.com\/v\/ghd\/LOWQ_SBS_ONLINE_CONICAL_IT\/mp41080p#t=0.1\" type=\"video\/mp4\"><\/video><!----><!----><!----><!----><!----><!----><\/app-ghd-video><!----><\/div>\n<\/div>\n<p><!----><\/app-ghd-video-banner><!----><\/div>\n<p><!----><\/div>\n<p><\/app-ghd-product-features><\/p>\n","protected":false},"excerpt":{"rendered":"<p>Ti presentiamo il ferro per capelli mossi ghd Chronos Curve Conical Wand \u2013 per onde effetto spiaggia spettinate che mantengono la forma a lungo. Progettato con un fusto conico da 28-23 mm, questo arricciacapelli professionale \u00e8 pensato per creare capelli mossi e naturali ad alta definizione 3 volte pi\u00f9 velocemente\u00b9. Dotato di tecnologia curl-responsive, risponde<\/p>\n","protected":false},"featured_media":5103,"template":"","meta":[],"product_cat":[44],"product_tag":[],"class_list":{"0":"post-5102","1":"product","2":"type-product","3":"status-publish","4":"has-post-thumbnail","6":"product_cat-piastre-ghd","8":"first","9":"instock","10":"sale","11":"sold-individually","12":"shipping-taxable","13":"purchasable","14":"product-type-simple"},"aioseo_notices":[],"_links":{"self":[{"href":"https:\/\/manidiforbici.it\/salone-pesaro\/wp-json\/wp\/v2\/product\/5102","targetHints":{"allow":["GET"]}}],"collection":[{"href":"https:\/\/manidiforbici.it\/salone-pesaro\/wp-json\/wp\/v2\/product"}],"about":[{"href":"https:\/\/manidiforbici.it\/salone-pesaro\/wp-json\/wp\/v2\/types\/product"}],"wp:featuredmedia":[{"embeddable":true,"href":"https:\/\/manidiforbici.it\/salone-pesaro\/wp-json\/wp\/v2\/media\/5103"}],"wp:attachment":[{"href":"https:\/\/manidiforbici.it\/salone-pesaro\/wp-json\/wp\/v2\/media?parent=5102"}],"wp:term":[{"taxonomy":"product_cat","embeddable":true,"href":"https:\/\/manidiforbici.it\/salone-pesaro\/wp-json\/wp\/v2\/product_cat?post=5102"},{"taxonomy":"product_tag","embeddable":true,"href":"https:\/\/manidiforbici.it\/salone-pesaro\/wp-json\/wp\/v2\/product_tag?post=5102"}],"curies":[{"name":"wp","href":"https:\/\/api.w.org\/{rel}","templated":true}]}}