{"id":5105,"date":"2025-10-09T17:07:21","date_gmt":"2025-10-09T16:07:21","guid":{"rendered":"https:\/\/manidiforbici.it\/salone-pesaro\/?post_type=product&#038;p=5105"},"modified":"2026-04-16T05:10:11","modified_gmt":"2026-04-16T04:10:11","slug":"nuovo-ghd-chronos-curve-classic-tong-26mm-ferro-per-onde-e-ricci-definiti","status":"publish","type":"product","link":"https:\/\/manidiforbici.it\/salone-pesaro\/product\/nuovo-ghd-chronos-curve-classic-tong-26mm-ferro-per-onde-e-ricci-definiti\/","title":{"rendered":"NUOVO GHD CHRONOS CURVE CLASSIC TONG (26MM) FERRO PER ONDE E RICCI DEFINITI"},"content":{"rendered":"<div class=\"description-content\">\n<div class=\"description-content-inner rich-text\">\n<p>Dai il benvenuto a <strong>ghd Chronos Curve Classic Tong <\/strong>\u2013 il tuo nuovo ferro per <strong>capelli ricci ad alta definizione<\/strong>, realizzati in tempi rapidissimi\u2076 e capaci di durare a lungo.<\/p>\n<p>Questa non \u00e8 un semplice ferro arricciacapelli \u2013 \u00e8 la <strong>curl responsive technology<\/strong> in azione. ghd Chronos Curve Classic Tong \u00e8 dotato di un <strong>fusto&nbsp;professionale da 26 mm<\/strong> che si adatta dinamicamente al tuo modo di mettere in piega i capelli, mantenendo la <strong>temperatura ottimale di 185\u00b0C dalle radici alle punte per ricci veloci<\/strong>\u2076 e risultati definiti, indipendentemente dal tipo di capello.<\/p>\n<p>Aspettati ricci scolpiti, onde definite ed un finish liscio: <strong>fino al 50% pi\u00f9 lisci\u2077 e con il 50% in pi\u00f9 di lucentezza<\/strong>\u2075 rispetto ai capelli asciugati naturalmente. Che tu voglia un look elegante o valorizzare lo stile di tutti i giorni, ghd Chronos Classic Tong ti offre onde ben definite che durano a lungo \u2013 fino a 24 ore\u00b3.<\/p>\n<p>Il fusto ad alte prestazioni ha un <strong>rivestimento anodizzato<\/strong> per un maggiore controllo e precisione, mentre la punta fredda, il supporto di sicurezza integrato e il <strong>guanto per lo styling<\/strong> incluso rendono l\u2019utilizzo sicuro e semplice&#8230; quanto il risultato: spettacolare.<\/p>\n<p>E perch\u00e9 la tranquillit\u00e0 \u00e8 parte dell\u2019esperienza, il ferro si <strong>spegne automaticamente dopo 20 minuti<\/strong> di inattivit\u00e0, cos\u00ec puoi concentrarti sul tuo look senza pensieri. Con <strong>voltaggio universale<\/strong>, un <strong>cavo professionale da 2,7 m<\/strong> e un design elegante che \u00e8 piacevole da usare quanto da vedere, questa \u00e8 la tua scorciatoia per ricci definiti e senza crespo impeccabili in tempi record.<\/p>\n<p>Fatti notare, crea con precisione e stupisciti nel vedere i tuoi capelli pi\u00f9 lucenti di sempre \u2013 tutto con ghd Chronos Curve Classic Tong.<\/p>\n<p>\u00b9Rispetto a un arricciacapelli concorrente impostato a 190\u00b0C. Test di laboratorio che misura il tempo necessario per ottenere lo stesso riccio (escluso il max wand): 180\u2013190\u00b0C per 26 mm, 190\u00b0C per 32 mm e conico.<br \/>\n\u00b2 Test sui consumatori, gennaio-febbraio 2024. In media, il 73% di 921 consumatori concorda che la ghd Chronos Curve crea ricci e onde senza effetto crespo.<br \/>\n\u00b3Quando utilizzata con uno spray fissante per ricci. Test tecnico sulla tenuta dei ricci in camera a umidit\u00e0 relativa del 50%.<br \/>\n\u2074I danni da calore estremo sono definiti da una riduzione della forza tensile umida per ciclo superiore a 0,005, misurata su almeno 100 cicli su capelli castani caucasici.<br \/>\n\u2075Test tecnico in laboratorio su capelli castani, rispetto a capelli asciugati naturalmente.<br \/>\n\u2076Il 72% di 111 consumatori concorda: crea ricci e onde ultra rapidamente.<br \/>\n\u2077Test tecnico in laboratorio su capelli crespi che misura la riduzione dell\u2019effetto crespo dopo l\u2019arricciatura rispetto all\u2019asciugatura naturale, come indicatore della morbidezza.<\/p>\n<\/div>\n<\/div>\n<p><app-ghd-product-features tabindex=\"0\" aria-labelledby=\"features\" class=\"ng-star-inserted\"><\/p>\n<div class=\"product-features-wrap\">\n<div class=\"product-features-banner ng-star-inserted\"><!----><app-ghd-video-banner class=\"ng-star-inserted\"><\/p>\n<div class=\"video-banner-main-container DARK PX5 ng-star-inserted\"><!----><\/p>\n<div class=\"video-banner-media-container\"><app-ghd-video class=\"video-banner-video ng-star-inserted\" _nghost-ng-c2606573166=\"\"><video _ngcontent-ng-c2606573166=\"\" controls=\"\" class=\"video-component video-banner-video ng-star-inserted\" preload=\"metadata\"><source _ngcontent-ng-c2606573166=\"\" src=\"https:\/\/amplience.ghdhair.com\/v\/ghd\/LOWQ_PDP_TechBanner_Pro_Video_ITA\/mp41080p#t=0.1\" type=\"video\/mp4\"><\/video><!----><!----><!----><!----><!----><!----><\/app-ghd-video><!----><\/div>\n<\/div>\n<p><!----><\/app-ghd-video-banner><!----><\/div>\n<div class=\"product-features-banner ng-star-inserted\"><app-ghd-full-media-banner class=\"ng-star-inserted\"><\/p>\n<div appghdclickable=\"\" class=\"full-media-banner-main-container DARK PX5 ng-star-inserted\">\n<div class=\"full-media-banner-media-container RIGHT\"><app-ghd-picture class=\"full-media-banner-image ng-star-inserted\"><picture class=\"ng-star-inserted\"><source srcset=\"https:\/\/amplience.ghdhair.com\/i\/ghd\/704_PDP_TechBanner_Classic_Tong_1_Left_Global?$FullMediaBannerDesktop$&amp;fmt=auto\" media=\"(min-width: 1024px)\"><img decoding=\"async\" ghdimagepolicy=\"\" _nghost-ng-c3505905901=\"\" loading=\"eager\" alt=\"\" src=\"https:\/\/amplience.ghdhair.com\/i\/ghd\/704_PDP_TechBanner_Classic_Tong_1_Left_Global?$FullMediaBannerRight$&amp;fmt=auto\" class=\"full-media-banner-image\"><\/picture><!----><!----><\/app-ghd-picture><!----><!----><\/div>\n<div class=\"full-media-banner-text-container RIGHT\"><!----><!----><\/p>\n<div class=\"ng-star-inserted\">\n<h2 class=\"full-media-banner-headline ng-star-inserted\"> TECNOLOGIA CURL RESPONSIVE <\/h2>\n<p><!----><\/div>\n<p><!----><\/p>\n<div class=\"full-media-banner-content rich-text DARK ng-star-inserted\">\n<p>Reagisce alle azioni dinamiche di arricciatura, come l&#8217;avvolgimento dei capelli attorno al fusto, e risponde alle esigenze del capello per uno styling ultra-rapido e risultati ad alta definizione.<\/p>\n<\/div>\n<p><!----><!----><!----><\/div>\n<\/div>\n<p><!----><\/app-ghd-full-media-banner><!----><!----><\/div>\n<div class=\"product-features-banner ng-star-inserted\"><app-ghd-full-media-banner class=\"ng-star-inserted\"><\/p>\n<div appghdclickable=\"\" class=\"full-media-banner-main-container DARK PX5 ng-star-inserted\">\n<div class=\"full-media-banner-media-container LEFT\"><app-ghd-picture class=\"full-media-banner-image ng-star-inserted\"><picture class=\"ng-star-inserted\"><source srcset=\"https:\/\/amplience.ghdhair.com\/i\/ghd\/704_PDP_TechBanner_Classic_Tong_2_Right_Global_ita?$FullMediaBannerDesktop$&amp;fmt=auto\" media=\"(min-width: 1024px)\"><img decoding=\"async\" ghdimagepolicy=\"\" _nghost-ng-c3505905901=\"\" loading=\"eager\" alt=\"\" src=\"https:\/\/amplience.ghdhair.com\/i\/ghd\/704_PDP_TechBanner_Classic_Tong_2_Right_Global_ita?$FullMediaBannerLeft$&amp;fmt=auto\" class=\"full-media-banner-image\"><\/picture><!----><!----><\/app-ghd-picture><!----><!----><\/div>\n<div class=\"full-media-banner-text-container LEFT\"><!----><!----><\/p>\n<div class=\"ng-star-inserted\">\n<h2 class=\"full-media-banner-headline ng-star-inserted\"> ARRICCIATURA PI\u00d9 SANA <\/h2>\n<p><!----><\/div>\n<p><!----><\/p>\n<div class=\"full-media-banner-content rich-text DARK ng-star-inserted\">\n<p>L&#8217;ultima generazione di riscaldatori in ceramica di ghd garantisce che la temperatura ottimale di 185\u00b0C venga mantenuta su tutta la lunghezza del fusto, senza danni da calore estremo\u2074.<\/p>\n<\/div>\n<p><!----><!----><!----><\/div>\n<\/div>\n<p><!----><\/app-ghd-full-media-banner><!----><!----><\/div>\n<div class=\"product-features-banner ng-star-inserted\"><app-ghd-full-media-banner class=\"ng-star-inserted\"><\/p>\n<div appghdclickable=\"\" class=\"full-media-banner-main-container DARK PX5 ng-star-inserted\">\n<div class=\"full-media-banner-media-container RIGHT\"><app-ghd-picture class=\"full-media-banner-image ng-star-inserted\"><picture class=\"ng-star-inserted\"><source srcset=\"https:\/\/amplience.ghdhair.com\/i\/ghd\/704_PDP_TechBanner_Classic_Tong_3_Left_Global?$FullMediaBannerDesktop$&amp;fmt=auto\" media=\"(min-width: 1024px)\"><img decoding=\"async\" ghdimagepolicy=\"\" _nghost-ng-c3505905901=\"\" loading=\"eager\" alt=\"\" src=\"https:\/\/amplience.ghdhair.com\/i\/ghd\/704_PDP_TechBanner_Classic_Tong_3_Left_Global?$FullMediaBannerRight$&amp;fmt=auto\" class=\"full-media-banner-image\"><\/picture><!----><!----><\/app-ghd-picture><!----><!----><\/div>\n<div class=\"full-media-banner-text-container RIGHT\"><!----><!----><\/p>\n<div class=\"ng-star-inserted\">\n<h2 class=\"full-media-banner-headline ng-star-inserted\"> RISULTATI AD ALTA DEFINIZIONE <\/h2>\n<p><!----><\/div>\n<p><!----><\/p>\n<div class=\"full-media-banner-content rich-text DARK ng-star-inserted\">\n<p>Con il 50% in pi\u00f9 di lucentezza\u2075, Chronos Curve \u00e8 davvero la gamma perfetta per ricci brillanti. Combinando la tecnologia curl responsive con il nostro nuovo rivestimento professionale anodizzato, \u00e8 possibile creare ricci definiti dalla radice con una finitura liscia e senza crespo.131<\/p>\n<\/div>\n<p><!----><!----><!----><\/div>\n<\/div>\n<p><!----><\/app-ghd-full-media-banner><!----><!----><\/div>\n<div class=\"product-features-banner ng-star-inserted\"><app-ghd-full-media-banner class=\"ng-star-inserted\"><\/p>\n<div appghdclickable=\"\" class=\"full-media-banner-main-container DARK PX5 ng-star-inserted\">\n<div class=\"full-media-banner-media-container LEFT\"><app-ghd-picture class=\"full-media-banner-image ng-star-inserted\"><picture class=\"ng-star-inserted\"><source srcset=\"https:\/\/amplience.ghdhair.com\/i\/ghd\/704_PDP_TechBanner_Classic_Tong_4_Right_Global?$FullMediaBannerDesktop$&amp;fmt=auto\" media=\"(min-width: 1024px)\"><img decoding=\"async\" ghdimagepolicy=\"\" _nghost-ng-c3505905901=\"\" loading=\"eager\" alt=\"\" src=\"https:\/\/amplience.ghdhair.com\/i\/ghd\/704_PDP_TechBanner_Classic_Tong_4_Right_Global?$FullMediaBannerLeft$&amp;fmt=auto\" class=\"full-media-banner-image\"><\/picture><!----><!----><\/app-ghd-picture><!----><!----><\/div>\n<div class=\"full-media-banner-text-container LEFT\"><!----><!----><\/p>\n<div class=\"ng-star-inserted\">\n<h2 class=\"full-media-banner-headline ng-star-inserted\"> RIVESTIMENTO PROFESSIONALE ANODIZZATO <\/h2>\n<p><!----><\/div>\n<p><!----><\/p>\n<div class=\"full-media-banner-content rich-text DARK ng-star-inserted\">\n<p>Il rivestimento premium del fusto ghd \u00e8 progettato per garantire un trasferimento ottimale del calore su tutta la lunghezza del fusto, mentre la texture opaca offre la giusta aderenza e dona lucentezza e morbidezza impareggiabili indipendentemente dalla tecnica utilizzata, assicurando onde o ricci sempre luminosi.<\/p>\n<\/div>\n<p><!----><!----><!----><\/div>\n<\/div>\n<p><!----><\/app-ghd-full-media-banner><!----><!----><\/div>\n<div class=\"product-features-banner ng-star-inserted\"><!----><app-ghd-video-banner class=\"ng-star-inserted\"><\/p>\n<div class=\"video-banner-main-container DARK PX5 ng-star-inserted\">\n<div class=\"video-banner-text-container BOTTOM ng-star-inserted\">\n<h2 class=\"video-banner-heading ng-star-inserted\"> SCOPRI LA TECNOLOGIA <\/h2>\n<p><!----><!----><!----><!----><\/div>\n<p><!----><\/p>\n<div class=\"video-banner-media-container\"><app-ghd-video class=\"video-banner-video ng-star-inserted\" _nghost-ng-c2606573166=\"\"><video _ngcontent-ng-c2606573166=\"\" controls=\"\" class=\"video-component video-banner-video ng-star-inserted\" preload=\"metadata\"><source _ngcontent-ng-c2606573166=\"\" src=\"https:\/\/amplience.ghdhair.com\/v\/ghd\/ChronosCurve25_TechVideo_All_ITA\/mp41080p#t=0.1\" type=\"video\/mp4\"><\/video><!----><!----><!----><!----><!----><!----><\/app-ghd-video><!----><\/div>\n<\/div>\n<p><!----><\/app-ghd-video-banner><!----><\/div>\n<div class=\"product-features-banner ng-star-inserted\"><app-ghd-full-media-banner class=\"ng-star-inserted\"><\/p>\n<div appghdclickable=\"\" class=\"full-media-banner-main-container DARK PX5 ng-star-inserted\">\n<div class=\"full-media-banner-media-container RIGHT\"><app-ghd-picture class=\"full-media-banner-image ng-star-inserted\"><picture class=\"ng-star-inserted\"><source srcset=\"https:\/\/amplience.ghdhair.com\/i\/ghd\/704_PDP_TechBanner_Classic_Tong_5_Left_Global?$FullMediaBannerDesktop$&amp;fmt=auto\" media=\"(min-width: 1024px)\"><img decoding=\"async\" ghdimagepolicy=\"\" _nghost-ng-c3505905901=\"\" loading=\"eager\" alt=\"\" src=\"https:\/\/amplience.ghdhair.com\/i\/ghd\/704_PDP_TechBanner_Classic_Tong_5_Left_Global?$FullMediaBannerRight$&amp;fmt=auto\" class=\"full-media-banner-image\"><\/picture><!----><!----><\/app-ghd-picture><!----><!----><\/div>\n<div class=\"full-media-banner-text-container RIGHT\"><!----><!----><\/p>\n<div class=\"ng-star-inserted\">\n<h2 class=\"full-media-banner-headline ng-star-inserted\"> REALIZZATO PER ONDE E RICCI DEFINITI <\/h2>\n<p><!----><\/div>\n<p><!----><\/p>\n<div class=\"full-media-banner-content rich-text DARK ng-star-inserted\">\n<p>Il Classic Tong \u00e8 dotato di un cilindro medio da 26 mm con una leva ergonomica a molla, pensata per creare onde morbide e strutturate su tutte le lunghezze.<br \/>\nIdeale per capelli pi\u00f9 corti e perfetto anche per definire le lunghezze pi\u00f9 lunghe.<\/p>\n<\/div>\n<p><!----><!----><!----><\/div>\n<\/div>\n<p><!----><\/app-ghd-full-media-banner><!----><!----><\/div>\n<div class=\"product-features-banner ng-star-inserted\"><!----><app-ghd-video-banner class=\"ng-star-inserted\"><\/p>\n<div class=\"video-banner-main-container DARK NONE ng-star-inserted\">\n<div class=\"video-banner-text-container BOTTOM ng-star-inserted\">\n<h2 class=\"video-banner-heading ng-star-inserted\"> GET THE LOOK <\/h2>\n<p><!----><!----><!----><!----><\/div>\n<p><!----><\/p>\n<div class=\"video-banner-media-container\"><app-ghd-video class=\"video-banner-video ng-star-inserted\" _nghost-ng-c2606573166=\"\"><video _ngcontent-ng-c2606573166=\"\" controls=\"\" class=\"video-component video-banner-video ng-star-inserted\" preload=\"metadata\"><source _ngcontent-ng-c2606573166=\"\" src=\"https:\/\/amplience.ghdhair.com\/v\/ghd\/LOWQ_SBS_ONLINE_CLASSIC_IT2\/mp41080p#t=0.1\" type=\"video\/mp4\"><\/video><!----><!----><!----><!----><!----><!----><\/app-ghd-video><!----><\/div>\n<\/div>\n<p><!----><\/app-ghd-video-banner><!----><\/div>\n<p><!----><\/div>\n<p><\/app-ghd-product-features><\/p>\n","protected":false},"excerpt":{"rendered":"<p>Dai il benvenuto a ghd Chronos Curve Classic Tong \u2013 il tuo nuovo ferro per capelli ricci ad alta definizione, realizzati in tempi rapidissimi\u2076 e capaci di durare a lungo. Questa non \u00e8 un semplice ferro arricciacapelli \u2013 \u00e8 la curl responsive technology in azione. ghd Chronos Curve Classic Tong \u00e8 dotato di un fusto&nbsp;professionale<\/p>\n","protected":false},"featured_media":5107,"template":"","meta":[],"product_cat":[45],"product_tag":[],"class_list":{"0":"post-5105","1":"product","2":"type-product","3":"status-publish","4":"has-post-thumbnail","6":"product_cat-arricciacapelli-ghd","8":"first","9":"instock","10":"sale","11":"sold-individually","12":"shipping-taxable","13":"purchasable","14":"product-type-simple"},"aioseo_notices":[],"_links":{"self":[{"href":"https:\/\/manidiforbici.it\/salone-pesaro\/wp-json\/wp\/v2\/product\/5105","targetHints":{"allow":["GET"]}}],"collection":[{"href":"https:\/\/manidiforbici.it\/salone-pesaro\/wp-json\/wp\/v2\/product"}],"about":[{"href":"https:\/\/manidiforbici.it\/salone-pesaro\/wp-json\/wp\/v2\/types\/product"}],"wp:featuredmedia":[{"embeddable":true,"href":"https:\/\/manidiforbici.it\/salone-pesaro\/wp-json\/wp\/v2\/media\/5107"}],"wp:attachment":[{"href":"https:\/\/manidiforbici.it\/salone-pesaro\/wp-json\/wp\/v2\/media?parent=5105"}],"wp:term":[{"taxonomy":"product_cat","embeddable":true,"href":"https:\/\/manidiforbici.it\/salone-pesaro\/wp-json\/wp\/v2\/product_cat?post=5105"},{"taxonomy":"product_tag","embeddable":true,"href":"https:\/\/manidiforbici.it\/salone-pesaro\/wp-json\/wp\/v2\/product_tag?post=5105"}],"curies":[{"name":"wp","href":"https:\/\/api.w.org\/{rel}","templated":true}]}}